{"id":6,"date":"2009-07-02T11:27:28","date_gmt":"2009-07-02T09:27:28","guid":{"rendered":"http:\/\/www.laligue85.org\/asso\/albourg\/a-propos\/"},"modified":"2025-09-18T16:54:05","modified_gmt":"2025-09-18T14:54:05","slug":"a-propos","status":"publish","type":"page","link":"http:\/\/www.laligue85.org\/asso\/albourg\/a-propos\/","title":{"rendered":"A propos de&#8230;"},"content":{"rendered":"<ul style=\"list-style-type: none;margin: 0;padding: 0\">\n<li><a style=\"color: #ffffff00;font-size: 1pt;line-height: 2pt;height: auto\" href=\"https:\/\/pinup-oyna.com\/\">pinup<\/a><\/li>\n<li><a style=\"color: #ffffff00;font-size: 1pt;line-height: 2pt;height: auto\" href=\"https:\/\/pin-up-luck.com\/\">pin up<\/a><\/li>\n<li><a style=\"color: #ffffff00;font-size: 1pt;line-height: 2pt;height: auto\" href=\"https:\/\/pinup-cash.com\/\">pinup az<\/a><\/li>\n<li><a style=\"color: #ffffff00;font-size: 1pt;line-height: 2pt;height: auto\" href=\"https:\/\/1-win-free.com\/\">1win casino<\/a><\/li>\n<li><a style=\"color: #ffffff00;font-size: 1pt;line-height: 2pt;height: auto\" href=\"https:\/\/pinup-kazinos.com\/\">pin-up kz<\/a><\/li>\n<li><a style=\"color: #ffffff00;font-size: 1pt;line-height: 2pt;height: auto\" href=\"https:\/\/mosbet-oyun.com\/\">mosbet<\/a><\/li>\n<li><a style=\"color: #ffffff00;font-size: 1pt;line-height: 2pt;height: auto\" href=\"https:\/\/4abet.in\/\">4a bet<\/a><\/li>\n<li><a style=\"color: #ffffff00;font-size: 1pt;line-height: 2pt;height: auto\" href=\"https:\/\/mosbet-onlayn.com\/\">mostbet<\/a><\/li>\n<li><a style=\"color: #ffffff00;font-size: 1pt;line-height: 2pt;height: auto\" href=\"https:\/\/1-win-bet.kz\/\">1win aviator<\/a><\/li>\n<li><a style=\"color: #ffffff00;font-size: 1pt;line-height: 2pt;height: auto\" href=\"https:\/\/snai-slots.com\/\">snaibet<\/a><\/li>\n<li><a style=\"color: #ffffff00;font-size: 1pt;line-height: 2pt;height: auto\" href=\"https:\/\/1-win-uzb.com\/\">1 win<\/a><\/li>\n<li><a style=\"color: #ffffff00;font-size: 1pt;line-height: 2pt;height: auto\" href=\"https:\/\/mostbet-online-cazino.com\/\">mostbet<\/a><\/li>\n<li><a style=\"color: #ffffff00;font-size: 1pt;line-height: 2pt;height: auto\" href=\"https:\/\/mostbets-casino.kz\/\">mostbet<\/a><\/li>\n<li><a style=\"color: #ffffff00;font-size: 1pt;line-height: 2pt;height: auto\" href=\"https:\/\/mostbet-new.com\/\">mosbet casino<\/a><\/li>\n<li><a style=\"color: #ffffff00;font-size: 1pt;line-height: 2pt;height: auto\" href=\"https:\/\/mostbet-story.com\/\">mostbet kz<\/a><\/li>\n<li><a style=\"color: #ffffff00;font-size: 1pt;line-height: 2pt;height: auto\" href=\"https:\/\/mostbets-cazino.kz\/\">mostbet kz<\/a><\/li>\n<li><a style=\"color: #ffffff00;font-size: 1pt;line-height: 2pt;height: auto\" href=\"https:\/\/mostbet-freespins.com\/\">mosbet az<\/a><\/li>\n<li><a style=\"color: #ffffff00;font-size: 1pt;line-height: 2pt;height: auto\" href=\"https:\/\/pinup-ozbekistan.com\/\">pinup casino<\/a><\/li>\n<li><a style=\"color: #ffffff00;font-size: 1pt;line-height: 2pt;height: auto\" href=\"https:\/\/ru-pinup.ru\/\">pin-up casino<\/a><\/li>\n<li><a style=\"color: #ffffff00;font-size: 1pt;line-height: 2pt;height: auto\" href=\"https:\/\/mostbet-uzn-casino.com\/\">mostbet casino<\/a><\/li>\n<li><a style=\"color: #ffffff00;font-size: 1pt;line-height: 2pt;height: auto\" href=\"https:\/\/pinup-redcasino.com\/\">pin up uz<\/a><\/li>\n<li><a style=\"color: #ffffff00;font-size: 1pt;line-height: 2pt;height: auto\" href=\"https:\/\/pinco-uzn.com\/\">pinco casino<\/a><\/li>\n<li><a style=\"color: #ffffff00;font-size: 1pt;line-height: 2pt;height: auto\" href=\"https:\/\/most-bet-bahis.com\/\">mosbet az<\/a><\/li>\n<li><a style=\"color: #ffffff00;font-size: 1pt;line-height: 2pt;height: auto\" href=\"https:\/\/mostbet-line.com\/\">mosbet<\/a><\/li>\n<li><a style=\"color: #ffffff00;font-size: 1pt;line-height: 2pt;height: auto\" href=\"https:\/\/1-win-crash.com\/\">1 win casino<\/a><\/li>\n<li><a style=\"color: #ffffff00;font-size: 1pt;line-height: 2pt;height: auto\" href=\"https:\/\/pinup-casino-live.com\/\">pin up<\/a><\/li>\n<li><a style=\"color: #ffffff00;font-size: 1pt;line-height: 2pt;height: auto\" href=\"https:\/\/mosbet-games.com\/\">mostbet uz casino<\/a><\/li>\n<li><a style=\"color: #ffffff00;font-size: 1pt;line-height: 2pt;height: auto\" href=\"https:\/\/1-win-casino.in\/\">1vin casino<\/a><\/li>\n<li><a style=\"color: #ffffff00;font-size: 1pt;line-height: 2pt;height: auto\" href=\"https:\/\/pinup-casino-oyna.com\/\">pin up casino<\/a><\/li>\n<li><a style=\"color: #ffffff00;font-size: 1pt;line-height: 2pt;height: auto\" href=\"https:\/\/mostbet-azn-casino.com\/\">mosbet<\/a><\/li>\n<li><a style=\"color: #ffffff00;font-size: 1pt;line-height: 2pt;height: auto\" href=\"https:\/\/4abets.com\/\">4rabet<\/a><\/li>\n<\/ul>\n<address>A propos de l&rsquo;amicale la\u00efque du bourg :\u00a0<\/address>\n<address>\u00a0<\/address>\n<address>Voil\u00e0 les membres du bureau<\/address>\n<address>de l&rsquo;association sans qui l&rsquo;amicale La\u00efque ne pourrait exister !\u00a0<\/address>\n<address>\u00a0<\/address>\n<address><img loading=\"lazy\" class=\"alignnone size-medium wp-image-4045\" src=\"http:\/\/www.laligue85.org\/asso\/albourg\/wp-content\/uploads\/sites\/3\/2024\/01\/JULY2019_by-Grains-3-le-visuel-1-e1660669420487-300x168.jpg\" alt=\"\" width=\"300\" height=\"168\" srcset=\"http:\/\/www.laligue85.org\/asso\/albourg\/wp-content\/uploads\/sites\/3\/2024\/01\/JULY2019_by-Grains-3-le-visuel-1-e1660669420487-300x168.jpg 300w, http:\/\/www.laligue85.org\/asso\/albourg\/wp-content\/uploads\/sites\/3\/2024\/01\/JULY2019_by-Grains-3-le-visuel-1-e1660669420487-1024x574.jpg 1024w, http:\/\/www.laligue85.org\/asso\/albourg\/wp-content\/uploads\/sites\/3\/2024\/01\/JULY2019_by-Grains-3-le-visuel-1-e1660669420487-768x431.jpg 768w, http:\/\/www.laligue85.org\/asso\/albourg\/wp-content\/uploads\/sites\/3\/2024\/01\/JULY2019_by-Grains-3-le-visuel-1-e1660669420487-1536x862.jpg 1536w, http:\/\/www.laligue85.org\/asso\/albourg\/wp-content\/uploads\/sites\/3\/2024\/01\/JULY2019_by-Grains-3-le-visuel-1-e1660669420487.jpg 1922w\" sizes=\"(max-width: 300px) 100vw, 300px\" \/><\/address>\n<address>\u00a0<\/address>\n<address>L\u2019Assembl\u00e9e g\u00e9n\u00e9rale de l\u2019Amicale La\u00efque du Bourg a eu lieu le jeudi 29 juin 2023. A l\u2019issue de la s\u00e9ance, s\u2019est d\u00e9roul\u00e9e l\u2019\u00e9lection du Bureau.<br \/>\nNous sommes heureuses de vous pr\u00e9senter notre \u00e9quipe\u00a0:<br \/>\nPr\u00e9sidence\u00a0: Sylvie HAUSERMANN (06 08 86 88 51)Tr\u00e9sorerie\u00a0: Ga\u00eblle PUBERT<br \/>\nSecr\u00e9tariat\u00a0: Marylaine GRELET (06 33 63 53 52)Les autres membres\u00a0: Mich\u00e8le LENOIR<br \/>\nMathilde MAGE<br \/>\nEsther RENAULT<br \/>\nAnne-Marie SORREL<\/p>\n<\/address>\n<address>\u00a0<\/address>\n<address><img loading=\"lazy\" class=\"alignnone size-full wp-image-2978\" src=\"http:\/\/www.laligue85.org\/asso\/albourg\/wp-content\/uploads\/sites\/3\/2017\/08\/AEPB-bicromi-web.jpg\" alt=\"\" width=\"150\" height=\"92\" \/><br \/>\nCeci est le site de l&rsquo;Amicale La\u00efque du Bourg-sous-La Roche. Nous sommes une association affili\u00e9e \u00e0 la F\u00e9d\u00e9ration des \u0152uvres La\u00efques de Vend\u00e9e.<br \/>\nNotre site \u00ab\u00a0WordPress\u00a0\u00bb est h\u00e9berg\u00e9 par\u00a0<a href=\"http:\/\/laligue85.org\/wp\/\">Laligue85.org<\/a>.<br \/>\nVous aussi, si vous \u00eates une association affili\u00e9e \u00e0 la FOL 85, vous pouvez\u00a0b\u00e9n\u00e9ficier d&rsquo;un blog h\u00e9berg\u00e9. N&rsquo;h\u00e9sitez pas \u00e0 <a href=\"http:\/\/www.laligue85.org\/fr\/Contacts\/12-contacts%20FOL\/13-services%20aux%20associations\" target=\"_blank\" rel=\"noopener noreferrer\"> contacter la FOL 85.<\/a> Retrouvez ici l&rsquo;ensemble des\u00a0<a href=\"http:\/\/http:\/\/www.laligue85.org\/fr\/mentions_legales\">mentions l\u00e9gales.<\/a><\/address>\n<address><strong>Adresse \u00e9lectronique : ami.l.lebourg@gmail.com<\/strong><\/address>\n<address><strong>Adresse postale : 61 chemin de la Giraudi\u00e8re &#8211; 85000 La Roche-sur-Yon<\/strong><\/address>\n","protected":false},"excerpt":{"rendered":"<p>pinup pin up pinup az 1win casino pin-up kz mosbet 4a bet mostbet 1win aviator snaibet 1 win mostbet mostbet mosbet casino mostbet kz mostbet kz mosbet az pinup casino pin-up casino mostbet casino pin up uz pinco casino mosbet az mosbet 1 win casino pin up mostbet uz casino 1vin casino pin up casino &#8230;<\/p>\n","protected":false},"author":3,"featured_media":0,"parent":0,"menu_order":6,"comment_status":"closed","ping_status":"closed","template":"","meta":[],"_links":{"self":[{"href":"http:\/\/www.laligue85.org\/asso\/albourg\/wp-json\/wp\/v2\/pages\/6"}],"collection":[{"href":"http:\/\/www.laligue85.org\/asso\/albourg\/wp-json\/wp\/v2\/pages"}],"about":[{"href":"http:\/\/www.laligue85.org\/asso\/albourg\/wp-json\/wp\/v2\/types\/page"}],"author":[{"embeddable":true,"href":"http:\/\/www.laligue85.org\/asso\/albourg\/wp-json\/wp\/v2\/users\/3"}],"replies":[{"embeddable":true,"href":"http:\/\/www.laligue85.org\/asso\/albourg\/wp-json\/wp\/v2\/comments?post=6"}],"version-history":[{"count":6,"href":"http:\/\/www.laligue85.org\/asso\/albourg\/wp-json\/wp\/v2\/pages\/6\/revisions"}],"predecessor-version":[{"id":4237,"href":"http:\/\/www.laligue85.org\/asso\/albourg\/wp-json\/wp\/v2\/pages\/6\/revisions\/4237"}],"wp:attachment":[{"href":"http:\/\/www.laligue85.org\/asso\/albourg\/wp-json\/wp\/v2\/media?parent=6"}],"curies":[{"name":"wp","href":"https:\/\/api.w.org\/{rel}","templated":true}]}}