{"id":370,"date":"2020-01-05T21:58:31","date_gmt":"2020-01-05T20:58:31","guid":{"rendered":"http:\/\/www.laligue85.org\/asso\/alv\/?page_id=370"},"modified":"2020-01-22T21:12:51","modified_gmt":"2020-01-22T20:12:51","slug":"descriptif-4","status":"publish","type":"page","link":"http:\/\/www.laligue85.org\/asso\/alv\/descriptif-4\/","title":{"rendered":"Descriptif Mardis loisirs"},"content":{"rendered":"<p>Lieu : Salle Ronsard<br \/>\nHoraire : Mardi semaine paire \u00e0 partir de 14h<br \/>\nPublic : S\u00e9niors<br \/>\nInformation : Jeux de cartes<br \/>\nCo\u00fbt : 10\u20ac carte adh\u00e9sion Amicale La\u00efque Vicomtaise<\/p>\n<p>Sur l&rsquo;ann\u00e9e seront propos\u00e9s une journ\u00e9e d\u00e9couverte, un voyage surprise et un d\u00e9jeuner au restaurant \u00ab\u00a0la folie\u00a0\u00bb<\/p>\n<p>Contact :<\/p>\n<p><a href=\"http:\/\/www.laligue85.org\/asso\/alv\/wp-content\/uploads\/sites\/10\/2020\/01\/20200110_193709.jpg\"><img loading=\"lazy\" class=\" wp-image-538 alignleft\" src=\"http:\/\/www.laligue85.org\/asso\/alv\/wp-content\/uploads\/sites\/10\/2020\/01\/20200110_193709.jpg\" alt=\"\" width=\"180\" height=\"240\" \/><\/a>Josette Chupeau 02 51 05 78 73 ou 06 16 58 33 11<\/p>\n<p>alvsecretariat85@gmail.com<\/p>\n","protected":false},"excerpt":{"rendered":"<p>Lieu : Salle Ronsard Horaire : Mardi semaine paire \u00e0 partir de 14h Public : S\u00e9niors Information : Jeux de<\/p>\n","protected":false},"author":17,"featured_media":0,"parent":0,"menu_order":0,"comment_status":"closed","ping_status":"closed","template":"","meta":[],"_links":{"self":[{"href":"http:\/\/www.laligue85.org\/asso\/alv\/wp-json\/wp\/v2\/pages\/370"}],"collection":[{"href":"http:\/\/www.laligue85.org\/asso\/alv\/wp-json\/wp\/v2\/pages"}],"about":[{"href":"http:\/\/www.laligue85.org\/asso\/alv\/wp-json\/wp\/v2\/types\/page"}],"author":[{"embeddable":true,"href":"http:\/\/www.laligue85.org\/asso\/alv\/wp-json\/wp\/v2\/users\/17"}],"replies":[{"embeddable":true,"href":"http:\/\/www.laligue85.org\/asso\/alv\/wp-json\/wp\/v2\/comments?post=370"}],"version-history":[{"count":5,"href":"http:\/\/www.laligue85.org\/asso\/alv\/wp-json\/wp\/v2\/pages\/370\/revisions"}],"predecessor-version":[{"id":584,"href":"http:\/\/www.laligue85.org\/asso\/alv\/wp-json\/wp\/v2\/pages\/370\/revisions\/584"}],"wp:attachment":[{"href":"http:\/\/www.laligue85.org\/asso\/alv\/wp-json\/wp\/v2\/media?parent=370"}],"curies":[{"name":"wp","href":"https:\/\/api.w.org\/{rel}","templated":true}]}}