{"id":425,"date":"2020-01-09T22:58:16","date_gmt":"2020-01-09T21:58:16","guid":{"rendered":"http:\/\/www.laligue85.org\/asso\/alv\/?page_id=425"},"modified":"2023-02-05T15:50:50","modified_gmt":"2023-02-05T14:50:50","slug":"jus-de-pomme","status":"publish","type":"page","link":"http:\/\/www.laligue85.org\/asso\/alv\/jus-de-pomme\/","title":{"rendered":"JUS DE POMME"},"content":{"rendered":"<p>Cette manifestation se d\u00e9roule toujours fin octobre ou d\u00e9but novembre.<br \/>\nCelle-ci ce d\u00e9roule en 3 \u00e9tapes sur un week-end :<br \/>\n&#8211; Vendredi soir apr\u00e8s l&rsquo;\u00e9cole, sur le parking de la salle se sport de l&rsquo;Epaud, on r\u00e9cup\u00e8re les bouteilles vides (uniquement les propres).<br \/>\n&#8211; Le lendemain matin, le matin, pressage des pommes \u00e0 la coop\u00e9rative des Oudairies \u00e0 la Roche sur Yon.<br \/>\n&#8211; Le samedi apr\u00e8s-midi, sur le parking de l&rsquo;\u00e9cole ou de la salle de sport de l&rsquo;Epaud, distribution des bouteilles pleines.<\/p>\n<p>Nous avons besoin \u00e0 chaque fois d&rsquo;environ 10 b\u00e9n\u00e9voles.<\/p>\n<p>En r\u00e8gle g\u00e9n\u00e9rale, en fonction des ann\u00e9es nous pressons entre 5000 et 6000 litres de jus de pommes pour un b\u00e9n\u00e9fice varie de 3000 \u00e0 4000 \u20ac. L&rsquo;int\u00e9gralit\u00e9 de la somme \u00e0 \u00e9t\u00e9 revers\u00e9e \u00e0 l&rsquo;\u00e9cole pour financer la classe de d\u00e9couverte.<\/p>\n<p>Prix : 1\u20ac50 avec bouteille et 1\u20ac90 sans bouteille.<\/p>\n<p>Pour tous renseignements : CHARRON Yoan 06 24 74 71 25 ou AUGER olivier 06 72 70 13 88<br \/>\nalvsecretariat85@gmail.com<\/p>\n<p><a href=\"http:\/\/www.laligue85.org\/asso\/alv\/wp-content\/uploads\/sites\/10\/2022\/11\/Jus-de-pommes-3.jpg\"><img loading=\"lazy\" class=\"wp-image-1137 alignright\" src=\"http:\/\/www.laligue85.org\/asso\/alv\/wp-content\/uploads\/sites\/10\/2022\/11\/Jus-de-pommes-3-300x300.jpg\" alt=\"\" width=\"450\" height=\"450\" srcset=\"http:\/\/www.laligue85.org\/asso\/alv\/wp-content\/uploads\/sites\/10\/2022\/11\/Jus-de-pommes-3-300x300.jpg 300w, http:\/\/www.laligue85.org\/asso\/alv\/wp-content\/uploads\/sites\/10\/2022\/11\/Jus-de-pommes-3-1024x1024.jpg 1024w, http:\/\/www.laligue85.org\/asso\/alv\/wp-content\/uploads\/sites\/10\/2022\/11\/Jus-de-pommes-3-150x150.jpg 150w, http:\/\/www.laligue85.org\/asso\/alv\/wp-content\/uploads\/sites\/10\/2022\/11\/Jus-de-pommes-3-768x768.jpg 768w, http:\/\/www.laligue85.org\/asso\/alv\/wp-content\/uploads\/sites\/10\/2022\/11\/Jus-de-pommes-3.jpg 1496w\" sizes=\"(max-width: 450px) 100vw, 450px\" \/><\/a><a href=\"http:\/\/www.laligue85.org\/asso\/alv\/wp-content\/uploads\/sites\/10\/2022\/11\/Jus-de-pommes-.jpg\"><img loading=\"lazy\" class=\" wp-image-1134 alignleft\" src=\"http:\/\/www.laligue85.org\/asso\/alv\/wp-content\/uploads\/sites\/10\/2022\/11\/Jus-de-pommes--300x224.jpg\" alt=\"\" width=\"450\" height=\"336\" srcset=\"http:\/\/www.laligue85.org\/asso\/alv\/wp-content\/uploads\/sites\/10\/2022\/11\/Jus-de-pommes--300x224.jpg 300w, http:\/\/www.laligue85.org\/asso\/alv\/wp-content\/uploads\/sites\/10\/2022\/11\/Jus-de-pommes--1024x765.jpg 1024w, http:\/\/www.laligue85.org\/asso\/alv\/wp-content\/uploads\/sites\/10\/2022\/11\/Jus-de-pommes--768x574.jpg 768w, http:\/\/www.laligue85.org\/asso\/alv\/wp-content\/uploads\/sites\/10\/2022\/11\/Jus-de-pommes--1536x1148.jpg 1536w, http:\/\/www.laligue85.org\/asso\/alv\/wp-content\/uploads\/sites\/10\/2022\/11\/Jus-de-pommes-.jpg 1600w\" sizes=\"(max-width: 450px) 100vw, 450px\" \/><\/a><\/p>\n<p><a href=\"http:\/\/www.laligue85.org\/asso\/alv\/wp-content\/uploads\/sites\/10\/2022\/11\/jus-de-pommes-1.jpg\"><img loading=\"lazy\" class=\" wp-image-1135 alignleft\" src=\"http:\/\/www.laligue85.org\/asso\/alv\/wp-content\/uploads\/sites\/10\/2022\/11\/jus-de-pommes-1-300x224.jpg\" alt=\"\" width=\"450\" height=\"336\" srcset=\"http:\/\/www.laligue85.org\/asso\/alv\/wp-content\/uploads\/sites\/10\/2022\/11\/jus-de-pommes-1-300x224.jpg 300w, http:\/\/www.laligue85.org\/asso\/alv\/wp-content\/uploads\/sites\/10\/2022\/11\/jus-de-pommes-1-1024x765.jpg 1024w, http:\/\/www.laligue85.org\/asso\/alv\/wp-content\/uploads\/sites\/10\/2022\/11\/jus-de-pommes-1-768x574.jpg 768w, http:\/\/www.laligue85.org\/asso\/alv\/wp-content\/uploads\/sites\/10\/2022\/11\/jus-de-pommes-1-1536x1148.jpg 1536w, http:\/\/www.laligue85.org\/asso\/alv\/wp-content\/uploads\/sites\/10\/2022\/11\/jus-de-pommes-1.jpg 1600w\" sizes=\"(max-width: 450px) 100vw, 450px\" \/><\/a><a href=\"http:\/\/www.laligue85.org\/asso\/alv\/wp-content\/uploads\/sites\/10\/2022\/11\/Jus-de-pommes-2.jpg\"><img loading=\"lazy\" class=\"wp-image-1136 alignright\" src=\"http:\/\/www.laligue85.org\/asso\/alv\/wp-content\/uploads\/sites\/10\/2022\/11\/Jus-de-pommes-2-300x300.jpg\" alt=\"\" width=\"450\" height=\"450\" srcset=\"http:\/\/www.laligue85.org\/asso\/alv\/wp-content\/uploads\/sites\/10\/2022\/11\/Jus-de-pommes-2-300x300.jpg 300w, http:\/\/www.laligue85.org\/asso\/alv\/wp-content\/uploads\/sites\/10\/2022\/11\/Jus-de-pommes-2-1024x1024.jpg 1024w, http:\/\/www.laligue85.org\/asso\/alv\/wp-content\/uploads\/sites\/10\/2022\/11\/Jus-de-pommes-2-150x150.jpg 150w, http:\/\/www.laligue85.org\/asso\/alv\/wp-content\/uploads\/sites\/10\/2022\/11\/Jus-de-pommes-2-768x768.jpg 768w, http:\/\/www.laligue85.org\/asso\/alv\/wp-content\/uploads\/sites\/10\/2022\/11\/Jus-de-pommes-2.jpg 1496w\" sizes=\"(max-width: 450px) 100vw, 450px\" \/><\/a><a href=\"http:\/\/www.laligue85.org\/asso\/alv\/wp-content\/uploads\/sites\/10\/2020\/01\/IMG_20191019_083720.jpg\"><img loading=\"lazy\" class=\"aligncenter wp-image-414\" src=\"http:\/\/www.laligue85.org\/asso\/alv\/wp-content\/uploads\/sites\/10\/2020\/01\/IMG_20191019_083720.jpg\" alt=\"\" width=\"451\" height=\"338\" srcset=\"http:\/\/www.laligue85.org\/asso\/alv\/wp-content\/uploads\/sites\/10\/2020\/01\/IMG_20191019_083720.jpg 2080w, http:\/\/www.laligue85.org\/asso\/alv\/wp-content\/uploads\/sites\/10\/2020\/01\/IMG_20191019_083720-300x225.jpg 300w, http:\/\/www.laligue85.org\/asso\/alv\/wp-content\/uploads\/sites\/10\/2020\/01\/IMG_20191019_083720-1024x768.jpg 1024w, http:\/\/www.laligue85.org\/asso\/alv\/wp-content\/uploads\/sites\/10\/2020\/01\/IMG_20191019_083720-768x576.jpg 768w, http:\/\/www.laligue85.org\/asso\/alv\/wp-content\/uploads\/sites\/10\/2020\/01\/IMG_20191019_083720-1536x1152.jpg 1536w, http:\/\/www.laligue85.org\/asso\/alv\/wp-content\/uploads\/sites\/10\/2020\/01\/IMG_20191019_083720-2048x1536.jpg 2048w\" sizes=\"(max-width: 451px) 100vw, 451px\" \/><\/a><a href=\"http:\/\/www.laligue85.org\/asso\/alv\/wp-content\/uploads\/sites\/10\/2022\/11\/jus-de-pommes-4.jpg\"><img loading=\"lazy\" class=\"wp-image-1138 aligncenter\" src=\"http:\/\/www.laligue85.org\/asso\/alv\/wp-content\/uploads\/sites\/10\/2022\/11\/jus-de-pommes-4-225x300.jpg\" alt=\"\" width=\"337\" height=\"450\" srcset=\"http:\/\/www.laligue85.org\/asso\/alv\/wp-content\/uploads\/sites\/10\/2022\/11\/jus-de-pommes-4-225x300.jpg 225w, http:\/\/www.laligue85.org\/asso\/alv\/wp-content\/uploads\/sites\/10\/2022\/11\/jus-de-pommes-4-768x1024.jpg 768w, http:\/\/www.laligue85.org\/asso\/alv\/wp-content\/uploads\/sites\/10\/2022\/11\/jus-de-pommes-4-1152x1536.jpg 1152w, http:\/\/www.laligue85.org\/asso\/alv\/wp-content\/uploads\/sites\/10\/2022\/11\/jus-de-pommes-4.jpg 1536w\" sizes=\"(max-width: 337px) 100vw, 337px\" \/><\/a><\/p>\n","protected":false},"excerpt":{"rendered":"<p>Cette manifestation se d\u00e9roule toujours fin octobre ou d\u00e9but novembre. Celle-ci ce d\u00e9roule en 3 \u00e9tapes sur un week-end :<\/p>\n","protected":false},"author":17,"featured_media":0,"parent":0,"menu_order":0,"comment_status":"closed","ping_status":"closed","template":"","meta":[],"_links":{"self":[{"href":"http:\/\/www.laligue85.org\/asso\/alv\/wp-json\/wp\/v2\/pages\/425"}],"collection":[{"href":"http:\/\/www.laligue85.org\/asso\/alv\/wp-json\/wp\/v2\/pages"}],"about":[{"href":"http:\/\/www.laligue85.org\/asso\/alv\/wp-json\/wp\/v2\/types\/page"}],"author":[{"embeddable":true,"href":"http:\/\/www.laligue85.org\/asso\/alv\/wp-json\/wp\/v2\/users\/17"}],"replies":[{"embeddable":true,"href":"http:\/\/www.laligue85.org\/asso\/alv\/wp-json\/wp\/v2\/comments?post=425"}],"version-history":[{"count":8,"href":"http:\/\/www.laligue85.org\/asso\/alv\/wp-json\/wp\/v2\/pages\/425\/revisions"}],"predecessor-version":[{"id":1178,"href":"http:\/\/www.laligue85.org\/asso\/alv\/wp-json\/wp\/v2\/pages\/425\/revisions\/1178"}],"wp:attachment":[{"href":"http:\/\/www.laligue85.org\/asso\/alv\/wp-json\/wp\/v2\/media?parent=425"}],"curies":[{"name":"wp","href":"https:\/\/api.w.org\/{rel}","templated":true}]}}