{"id":2,"date":"2019-01-23T15:48:46","date_gmt":"2019-01-23T14:48:46","guid":{"rendered":"http:\/\/www.laligue85.org\/fra\/hebergements-groupes\/?page_id=2"},"modified":"2019-02-12T11:53:48","modified_gmt":"2019-02-12T10:53:48","slug":"page-d-exemple","status":"publish","type":"page","link":"http:\/\/www.laligue85.org\/fra\/hebergements-groupes\/","title":{"rendered":"Page d\u2019exemple"},"content":{"rendered":"<p>[vc_row][vc_column][vc_column_text]<\/p>\r\n<p>[\/vc_column_text][\/vc_column][\/vc_row][vc_row][vc_column]<div id=\"hero-slider-39375\" class=\"hero-slider-holder vntd-section veented-slider-holder  fullwidth-section\" style=\"height:700px\"data-nav=\"yes\" data-autoplay=\"true\" data-loop=\"true\">\t\n\t\t<div class=\"veented-slider-loader hero-slider-loader\">\n\t\t\t<div class=\"spinner\">\n\t\t\t  <div class=\"dot1\"><\/div>\n\t\t\t  <div class=\"dot2\"><\/div>\n\t\t\t<\/div>\n\t\t<\/div>\n\t\t\n\t\t<div class=\"hero-slider veented-slider swiper-containers\">\n\t\t\n\t\t\t<div class=\"hero-slider-inner veented-slider-inner swiper-wrapper\">\n\t\t\t\n\t\t\t\t\t\t\n\t\t\t\t<div class=\"swiper-slide hero-slide veented-slide-1 slide-align-center\">\n\t\t\t\t\n\t\t\t\t<div class=\"hero-slide-bg-image veented-slide-bg-image\" style=\"background-image: url('https:\/\/i0.wp.com\/www.laligue85.org\/fra\/hebergements-groupes\/wp-content\/uploads\/sites\/5\/2019\/02\/noirmoutier-voile.jpg?fit=1024%2C681');\"><div class=\"bg-overlay bg-overlay-dark30\"><\/div><img decoding=\"async\" src=\"https:\/\/i0.wp.com\/www.laligue85.org\/fra\/hebergements-groupes\/wp-content\/uploads\/sites\/5\/2019\/02\/noirmoutier-voile.jpg?fit=1024%2C681\" alt><\/div>\t\t\t\t\n\t\t\t\t<div class=\"inner\">\n\t\t\t\t\n\t\t\t\t\t<div class=\"hero-slide-inner\">\n\t\t\t\t\t\n\t\t\t\t\t\t<h2 class=\"hero-slide-heading veented-slide-heading\"> Vous travaillez sur l&#039;\u00eele cet \u00e9t\u00e9 ?<\/h2>\n\t\t\t\t\t\t\n\t\t\t\t\t\t\t\t\t\t\t\t\n\t\t\t\t\t\t<p class=\"hero-slide-text veented-slide-subtitle\">Le centre Les Lutins accueille exclusivement les saisonniers<\/p>\n\t\t\t\t\t\t\n\t\t\t\t\t\t<div class=\"hero-slide-buttons\"><a class=\"btn hero-slider-btn  btn-white btn-hover-white btn-outline\" href=\"http:\/\/www.laligue85.org\/fra\/hebergements-groupes\/2019\/02\/08\/hebergements-saisonniers\/\">Informations et r\u00e9servations<\/a><\/div>\t\t\t\t\t<\/div>\n\t\t\t\t\t\n\t\t\t\t<\/div>\n\t\t\t\t\n\t\t\t\t<\/div>\n\t\t\t\t\t\t\t\t\n\t\t\t\t\t\t\n\t\t\t\t<div class=\"swiper-slide hero-slide veented-slide-2 slide-align-center\">\n\t\t\t\t\n\t\t\t\t<div class=\"hero-slide-bg-image veented-slide-bg-image\" style=\"background-image: url('https:\/\/i0.wp.com\/www.laligue85.org\/fra\/hebergements-groupes\/wp-content\/uploads\/sites\/5\/2019\/02\/noirmoutier-levieil.jpg?fit=1280%2C856');\"><div class=\"bg-overlay bg-overlay-dark30\"><\/div><img decoding=\"async\" src=\"https:\/\/i0.wp.com\/www.laligue85.org\/fra\/hebergements-groupes\/wp-content\/uploads\/sites\/5\/2019\/02\/noirmoutier-levieil.jpg?fit=1280%2C856\" alt><\/div>\t\t\t\t\n\t\t\t\t<div class=\"inner\">\n\t\t\t\t\n\t\t\t\t\t<div class=\"hero-slide-inner\">\n\t\t\t\t\t\n\t\t\t\t\t\t<h2 class=\"hero-slide-heading veented-slide-heading\"> Nos h\u00e9bergements sur l&#039;\u00eele<\/h2>\n\t\t\t\t\t\t\n\t\t\t\t\t\t\t\t\t\t\t\t\n\t\t\t\t\t\t<p class=\"hero-slide-text veented-slide-subtitle\">Trois centres adapt\u00e9s \u00e0 l&#039;accueil de groupes<\/p>\n\t\t\t\t\t\t\n\t\t\t\t\t\t<div class=\"hero-slide-buttons\"><a class=\"btn hero-slider-btn  btn-white btn-hover-white btn-outline\" href=\"http:\/\/www.laligue85.org\/fra\/hebergements-groupes\/hebergements\/\">D\u00e9couvrir nos centres<\/a><\/div>\t\t\t\t\t<\/div>\n\t\t\t\t\t\n\t\t\t\t<\/div>\n\t\t\t\t\n\t\t\t\t<\/div>\n\t\t\t\t\t\t\t\t\n\t\t\t\t\t\t\n\t\t\t\t<div class=\"swiper-slide hero-slide veented-slide-3 slide-align-left\"style=\"background:#56ccf2;background:#56ccf2;background:linear-gradient( -32deg,#2f80ed,#56ccf2 );\">\n\t\t\t\t\n\t\t\t\t<div class=\"hero-slide-bg-image veented-slide-bg-image\" style=\"background-image: url('https:\/\/i0.wp.com\/www.laligue85.org\/fra\/hebergements-groupes\/wp-content\/uploads\/sites\/5\/2019\/02\/noirmoutier-barbatre.jpg?fit=1280%2C386');\"><div class=\"bg-overlay bg-overlay-dark20\"><\/div><img decoding=\"async\" src=\"https:\/\/i0.wp.com\/www.laligue85.org\/fra\/hebergements-groupes\/wp-content\/uploads\/sites\/5\/2019\/02\/noirmoutier-barbatre.jpg?fit=1280%2C386\" alt><\/div>\t\t\t\t\n\t\t\t\t<div class=\"inner\">\n\t\t\t\t\n\t\t\t\t\t<div class=\"hero-slide-inner\">\n\t\t\t\t\t\n\t\t\t\t\t\t<h2 class=\"hero-slide-heading veented-slide-heading\"> Noirmoutier<\/h2>\n\t\t\t\t\t\t\n\t\t\t\t\t\t\t\t\t\t\t\t\n\t\t\t\t\t\t<p class=\"hero-slide-text veented-slide-subtitle\">Des activit\u00e9s pour tous<\/p>\n\t\t\t\t\t\t\n\t\t\t\t\t\t<div class=\"hero-slide-buttons\"><a class=\"btn hero-slider-btn  btn-white btn-hover-white btn-outline\" href=\"http:\/\/www.laligue85.org\/fra\/hebergements-groupes\/2019\/02\/06\/que-faire-en-vendee\/\">Organisez votre s\u00e9jour<\/a><\/div>\t\t\t\t\t<\/div>\n\t\t\t\t\t\n\t\t\t\t<\/div>\n\t\t\t\t\n\t\t\t\t<\/div>\n\t\t\t\t\t\t\t\t\n\t\t\t\t\t\t\n\t\t\t\t<div class=\"swiper-slide hero-slide veented-slide-4 slide-align-center\">\n\t\t\t\t\n\t\t\t\t<div class=\"hero-slide-bg-image veented-slide-bg-image\" style=\"background-image: url('https:\/\/i0.wp.com\/www.laligue85.org\/fra\/hebergements-groupes\/wp-content\/uploads\/sites\/5\/2019\/02\/noirmoutier-seminaire.jpg?fit=1280%2C718');\"><div class=\"bg-overlay bg-overlay-dark30\"><\/div><img decoding=\"async\" src=\"https:\/\/i0.wp.com\/www.laligue85.org\/fra\/hebergements-groupes\/wp-content\/uploads\/sites\/5\/2019\/02\/noirmoutier-seminaire.jpg?fit=1280%2C718\" alt><\/div>\t\t\t\t\n\t\t\t\t<div class=\"inner\">\n\t\t\t\t\n\t\t\t\t\t<div class=\"hero-slide-inner\">\n\t\t\t\t\t\n\t\t\t\t\t\t<h2 class=\"hero-slide-heading veented-slide-heading\"> S\u00e9minaires et formations<\/h2>\n\t\t\t\t\t\t\n\t\t\t\t\t\t\t\t\t\t\t\t\n\t\t\t\t\t\t<p class=\"hero-slide-text veented-slide-subtitle\">S\u00e9jours sur mesure <\/p>\n\t\t\t\t\t\t\n\t\t\t\t\t\t<div class=\"hero-slide-buttons\"><a class=\"btn hero-slider-btn  btn-white btn-hover-white btn-outline\" href=\"http:\/\/www.laligue85.org\/fra\/hebergements-groupes\/seminaire\/\">En savoir plus<\/a><\/div>\t\t\t\t\t<\/div>\n\t\t\t\t\t\n\t\t\t\t<\/div>\n\t\t\t\t\n\t\t\t\t<\/div>\n\t\t\t\t\t\t\t\t\n\t\t\t    \n\t\t\t\n\t\t\t<\/div>\n\t\t\t\n\t\t\t<!-- Slider Arrows -->\n\t\t\t\n\t\t\t<div class=\"swiper-button-next\"><i class=\"fa fa-angle-right\"><\/i><\/div>\n\t\t\t<div class=\"swiper-button-prev\"><i class=\"fa fa-angle-left\"><\/i><\/div>\n\t\t\n\t\t<\/div>\n\t\n\t\n\t\t\n\t<\/div>\n\t\n\t[\/vc_column][\/vc_row][vc_row css=\u00a0\u00bb.vc_custom_1493821714807{padding-top: 75px !important;padding-bottom: 20px !important;}\u00a0\u00bb][vc_column][vc_row_inner css=\u00a0\u00bb.vc_custom_1493821700763{padding-top: 10px !important;padding-bottom: 30px !important;}\u00a0\u00bb][vc_column_inner width=\u00a0\u00bb1\/4&Prime;]<div class=\"vntd-icon-box vntd-content-element box-centered-circle icon-size-medium box-centered  icon-box-with-link\"><a href=\"https:\/\/docs.google.com\/forms\/d\/e\/1FAIpQLSfnbmaaRJfVUJe4iDgq5FM8LBcYNA9lcxACTIhdtChH5_eu0A\/viewform\" target=\"_self\"><div class=\"icon-box-icon bg-color-accent\"><i class=\"vc_li vc_li-calendar\"><\/i><\/div><div class=\"icon-box-content\"><h5 class=\"icon-box-title\">Demande de disponibilit\u00e9s<\/h5><p class=\"icon-description\"><\/p><\/div><\/a><\/div>[\/vc_column_inner][vc_column_inner width=\u00a0\u00bb1\/4&Prime;]<div class=\"vntd-icon-box vntd-content-element box-centered-circle icon-size-medium box-centered  icon-box-with-link\"><a href=\"http:\/\/www.laligue85.org\/fra\/hebergements-groupes\/groupes\/\" target=\"_self\"><div class=\"icon-box-icon bg-color-accent\"><i class=\"fa fa-users\"><\/i><\/div><div class=\"icon-box-content\"><h5 class=\"icon-box-title\">Groupes<\/h5><p class=\"icon-description\"><\/p><\/div><\/a><\/div>[\/vc_column_inner][vc_column_inner width=\u00a0\u00bb1\/4&Prime;]<div class=\"vntd-icon-box vntd-content-element box-centered-circle icon-size-medium box-centered  icon-box-with-link\"><a href=\"http:\/\/www.laligue85.org\/fra\/blog\/category\/education-2\/classes-decouvertes-sejours-educatifs\/vivre-lecole-autrement\/\" target=\"_self\"><div class=\"icon-box-icon bg-color-accent\"><i class=\"fa fa-graduation-cap\"><\/i><\/div><div class=\"icon-box-content\"><h5 class=\"icon-box-title\">Scolaires<\/h5><p class=\"icon-description\"><\/p><\/div><\/a><\/div>[\/vc_column_inner][vc_column_inner width=\u00a0\u00bb1\/4&Prime;]<div class=\"vntd-icon-box vntd-content-element box-centered-circle icon-size-medium box-centered  icon-box-with-link\"><a href=\"http:\/\/www.laligue85.org\/fra\/hebergements-groupes\/seminaire\/\" target=\"_self\"><div class=\"icon-box-icon bg-color-accent\"><i class=\"fa fa-briefcase\"><\/i><\/div><div class=\"icon-box-content\"><h5 class=\"icon-box-title\">Tourisme d'affaire<\/h5><p class=\"icon-description\"><\/p><\/div><\/a><\/div>[\/vc_column_inner][\/vc_row_inner][\/vc_column][\/vc_row][vc_row][vc_column]<div class=\"special-heading vntd-heading heading-border-below heading-align-center heading-with-icon\"><div class=\"special-heading-icon colored\"><i class=\"fa fa-heart-o\"><\/i><\/div><h3 class=\"special-heading-title\">Des s\u00e9jours pour tous !<\/h3><p class=\"special-heading-subtitle\">Association d&#039;\u00e9ducation populaire, La Ligue de l&#039;enseignement de Vend\u00e9e oeuvre depuis plus de 90 ans pour l&#039;acc\u00e8s aux vacances pour tous.<br \/>Notre souhait ? Rendre accessible les loisirs, la culture ou le sport et permettre \u00e0 chacun de d\u00e9couvrir d\u2019autres environnements que son cadre habituel.<\/p><\/div><div class=\"btn-holder btn-align-center\"><a href=\"http:\/\/www.laligue85.org\/fra\/hebergements-groupes\/2019\/02\/08\/qui-sommes-nous\/\" title=\"\" class=\"btn btn-regular btn-solid  btn-accent btn-hover-dark\" target=\"\">D\u00e9couvrez nos valeurs<\/a><\/div>[\/vc_column][\/vc_row][vc_row bg_color_pre=\u00a0\u00bbbg-color-1&Prime; css=\u00a0\u00bb.vc_custom_1493990837872{padding-top: 30px !important;padding-bottom: 5px !important;}\u00a0\u00bb][vc_column][\/vc_column][\/vc_row][vc_row][vc_column][vc_media_grid style=\u00a0\u00bbload-more\u00a0\u00bb items_per_page=\u00a0\u00bb12&Prime; element_width=\u00a0\u00bb2&Prime; btn_color=\u00a0\u00bbdefault\u00a0\u00bb grid_id=\u00a0\u00bbvc_gid:1549968315912-010cf468-484c-7&Prime; include=\u00a0\u00bb9053,9036,9004,8940,8917,8916,8911,8894,8896,8897,8898,8899&Prime;][\/vc_column][\/vc_row]<\/p>","protected":false},"excerpt":{"rendered":"<p>[vc_row][vc_column][vc_column_text] [\/vc_column_text][\/vc_column][\/vc_row][vc_row][vc_column][\/vc_column][\/vc_row][vc_row css=\u00a0\u00bb.vc_custom_1493821714807{padding-top: 75px !important;padding-bottom: 20px !important;}\u00a0\u00bb][vc_column][vc_row_inner css=\u00a0\u00bb.vc_custom_1493821700763{padding-top: 10px !important;padding-bottom: 30px !important;}\u00a0\u00bb][vc_column_inner width=\u00a0\u00bb1\/4&Prime;][\/vc_column_inner][vc_column_inner width=\u00a0\u00bb1\/4&Prime;][\/vc_column_inner][vc_column_inner width=\u00a0\u00bb1\/4&Prime;][\/vc_column_inner][vc_column_inner width=\u00a0\u00bb1\/4&Prime;][\/vc_column_inner][\/vc_row_inner][\/vc_column][\/vc_row][vc_row][vc_column][\/vc_column][\/vc_row][vc_row bg_color_pre=\u00a0\u00bbbg-color-1&Prime; css=\u00a0\u00bb.vc_custom_1493990837872{padding-top: 30px !important;padding-bottom: 5px !important;}\u00a0\u00bb][vc_column][\/vc_column][\/vc_row][vc_row][vc_column][vc_media_grid style=\u00a0\u00bbload-more\u00a0\u00bb items_per_page=\u00a0\u00bb12&Prime; element_width=\u00a0\u00bb2&Prime; btn_color=\u00a0\u00bbdefault\u00a0\u00bb grid_id=\u00a0\u00bbvc_gid:1549968315912-010cf468-484c-7&Prime; include=\u00a0\u00bb9053,9036,9004,8940,8917,8916,8911,8894,8896,8897,8898,8899&Prime;][\/vc_column][\/vc_row]<\/p>\n","protected":false},"author":2,"featured_media":0,"parent":0,"menu_order":0,"comment_status":"closed","ping_status":"open","template":"","meta":{"jetpack_post_was_ever_published":false,"footnotes":""},"class_list":["post-2","page","type-page","status-publish","hentry"],"yoast_head":"<!-- This site is optimized with the Yoast SEO plugin v20.0 - https:\/\/yoast.com\/wordpress\/plugins\/seo\/ -->\n<title>Page d\u2019exemple - Hebergements-groupes<\/title>\n<meta name=\"robots\" content=\"index, follow, max-snippet:-1, max-image-preview:large, max-video-preview:-1\" \/>\n<link rel=\"canonical\" href=\"http:\/\/www.laligue85.org\/fra\/hebergements-groupes\/\" \/>\n<meta property=\"og:locale\" content=\"fr_FR\" \/>\n<meta property=\"og:type\" content=\"article\" \/>\n<meta property=\"og:title\" content=\"Page d\u2019exemple - Hebergements-groupes\" \/>\n<meta property=\"og:description\" content=\"[vc_row][vc_column][vc_column_text] [\/vc_column_text][\/vc_column][\/vc_row][vc_row][vc_column][\/vc_column][\/vc_row][vc_row css=\u00a0\u00bb.vc_custom_1493821714807{padding-top: 75px !important;padding-bottom: 20px !important;}\u00a0\u00bb][vc_column][vc_row_inner css=\u00a0\u00bb.vc_custom_1493821700763{padding-top: 10px !important;padding-bottom: 30px !important;}\u00a0\u00bb][vc_column_inner width=\u00a0\u00bb1\/4&Prime;][\/vc_column_inner][vc_column_inner width=\u00a0\u00bb1\/4&Prime;][\/vc_column_inner][vc_column_inner width=\u00a0\u00bb1\/4&Prime;][\/vc_column_inner][vc_column_inner width=\u00a0\u00bb1\/4&Prime;][\/vc_column_inner][\/vc_row_inner][\/vc_column][\/vc_row][vc_row][vc_column][\/vc_column][\/vc_row][vc_row bg_color_pre=\u00a0\u00bbbg-color-1&Prime; css=\u00a0\u00bb.vc_custom_1493990837872{padding-top: 30px !important;padding-bottom: 5px !important;}\u00a0\u00bb][vc_column][\/vc_column][\/vc_row][vc_row][vc_column][vc_media_grid style=\u00a0\u00bbload-more\u00a0\u00bb items_per_page=\u00a0\u00bb12&Prime; element_width=\u00a0\u00bb2&Prime; btn_color=\u00a0\u00bbdefault\u00a0\u00bb grid_id=\u00a0\u00bbvc_gid:1549968315912-010cf468-484c-7&Prime; include=\u00a0\u00bb9053,9036,9004,8940,8917,8916,8911,8894,8896,8897,8898,8899&Prime;][\/vc_column][\/vc_row]\" \/>\n<meta property=\"og:url\" content=\"http:\/\/www.laligue85.org\/fra\/hebergements-groupes\/\" \/>\n<meta property=\"og:site_name\" content=\"Hebergements-groupes\" \/>\n<meta property=\"article:modified_time\" content=\"2019-02-12T10:53:48+00:00\" \/>\n<meta name=\"twitter:card\" content=\"summary_large_image\" \/>\n<meta name=\"twitter:label1\" content=\"Dur\u00e9e de lecture estim\u00e9e\" \/>\n\t<meta name=\"twitter:data1\" content=\"3 minutes\" \/>\n<script type=\"application\/ld+json\" class=\"yoast-schema-graph\">{\"@context\":\"https:\/\/schema.org\",\"@graph\":[{\"@type\":\"WebPage\",\"@id\":\"http:\/\/www.laligue85.org\/fra\/hebergements-groupes\/\",\"url\":\"http:\/\/www.laligue85.org\/fra\/hebergements-groupes\/\",\"name\":\"Page d\u2019exemple - Hebergements-groupes\",\"isPartOf\":{\"@id\":\"http:\/\/www.laligue85.org\/fra\/hebergements-groupes\/#website\"},\"datePublished\":\"2019-01-23T14:48:46+00:00\",\"dateModified\":\"2019-02-12T10:53:48+00:00\",\"breadcrumb\":{\"@id\":\"http:\/\/www.laligue85.org\/fra\/hebergements-groupes\/#breadcrumb\"},\"inLanguage\":\"fr-FR\",\"potentialAction\":[{\"@type\":\"ReadAction\",\"target\":[\"http:\/\/www.laligue85.org\/fra\/hebergements-groupes\/\"]}]},{\"@type\":\"BreadcrumbList\",\"@id\":\"http:\/\/www.laligue85.org\/fra\/hebergements-groupes\/#breadcrumb\",\"itemListElement\":[{\"@type\":\"ListItem\",\"position\":1,\"name\":\"Accueil\",\"item\":\"http:\/\/www.laligue85.org\/fra\/hebergements-groupes\/\"},{\"@type\":\"ListItem\",\"position\":2,\"name\":\"Page d\u2019exemple\"}]},{\"@type\":\"WebSite\",\"@id\":\"http:\/\/www.laligue85.org\/fra\/hebergements-groupes\/#website\",\"url\":\"http:\/\/www.laligue85.org\/fra\/hebergements-groupes\/\",\"name\":\"Hebergements-groupes\",\"description\":\"S\u00e9jours groupes, s\u00e9minaires et h\u00e9bergements sur l&#039;\u00eele de Noimoutier\",\"potentialAction\":[{\"@type\":\"SearchAction\",\"target\":{\"@type\":\"EntryPoint\",\"urlTemplate\":\"http:\/\/www.laligue85.org\/fra\/hebergements-groupes\/?s={search_term_string}\"},\"query-input\":\"required name=search_term_string\"}],\"inLanguage\":\"fr-FR\"}]}<\/script>\n<!-- \/ Yoast SEO plugin. -->","yoast_head_json":{"title":"Page d\u2019exemple - Hebergements-groupes","robots":{"index":"index","follow":"follow","max-snippet":"max-snippet:-1","max-image-preview":"max-image-preview:large","max-video-preview":"max-video-preview:-1"},"canonical":"http:\/\/www.laligue85.org\/fra\/hebergements-groupes\/","og_locale":"fr_FR","og_type":"article","og_title":"Page d\u2019exemple - Hebergements-groupes","og_description":"[vc_row][vc_column][vc_column_text] [\/vc_column_text][\/vc_column][\/vc_row][vc_row][vc_column][\/vc_column][\/vc_row][vc_row css=\u00a0\u00bb.vc_custom_1493821714807{padding-top: 75px !important;padding-bottom: 20px !important;}\u00a0\u00bb][vc_column][vc_row_inner css=\u00a0\u00bb.vc_custom_1493821700763{padding-top: 10px !important;padding-bottom: 30px !important;}\u00a0\u00bb][vc_column_inner width=\u00a0\u00bb1\/4&Prime;][\/vc_column_inner][vc_column_inner width=\u00a0\u00bb1\/4&Prime;][\/vc_column_inner][vc_column_inner width=\u00a0\u00bb1\/4&Prime;][\/vc_column_inner][vc_column_inner width=\u00a0\u00bb1\/4&Prime;][\/vc_column_inner][\/vc_row_inner][\/vc_column][\/vc_row][vc_row][vc_column][\/vc_column][\/vc_row][vc_row bg_color_pre=\u00a0\u00bbbg-color-1&Prime; css=\u00a0\u00bb.vc_custom_1493990837872{padding-top: 30px !important;padding-bottom: 5px !important;}\u00a0\u00bb][vc_column][\/vc_column][\/vc_row][vc_row][vc_column][vc_media_grid style=\u00a0\u00bbload-more\u00a0\u00bb items_per_page=\u00a0\u00bb12&Prime; element_width=\u00a0\u00bb2&Prime; btn_color=\u00a0\u00bbdefault\u00a0\u00bb grid_id=\u00a0\u00bbvc_gid:1549968315912-010cf468-484c-7&Prime; include=\u00a0\u00bb9053,9036,9004,8940,8917,8916,8911,8894,8896,8897,8898,8899&Prime;][\/vc_column][\/vc_row]","og_url":"http:\/\/www.laligue85.org\/fra\/hebergements-groupes\/","og_site_name":"Hebergements-groupes","article_modified_time":"2019-02-12T10:53:48+00:00","twitter_card":"summary_large_image","twitter_misc":{"Dur\u00e9e de lecture estim\u00e9e":"3 minutes"},"schema":{"@context":"https:\/\/schema.org","@graph":[{"@type":"WebPage","@id":"http:\/\/www.laligue85.org\/fra\/hebergements-groupes\/","url":"http:\/\/www.laligue85.org\/fra\/hebergements-groupes\/","name":"Page d\u2019exemple - Hebergements-groupes","isPartOf":{"@id":"http:\/\/www.laligue85.org\/fra\/hebergements-groupes\/#website"},"datePublished":"2019-01-23T14:48:46+00:00","dateModified":"2019-02-12T10:53:48+00:00","breadcrumb":{"@id":"http:\/\/www.laligue85.org\/fra\/hebergements-groupes\/#breadcrumb"},"inLanguage":"fr-FR","potentialAction":[{"@type":"ReadAction","target":["http:\/\/www.laligue85.org\/fra\/hebergements-groupes\/"]}]},{"@type":"BreadcrumbList","@id":"http:\/\/www.laligue85.org\/fra\/hebergements-groupes\/#breadcrumb","itemListElement":[{"@type":"ListItem","position":1,"name":"Accueil","item":"http:\/\/www.laligue85.org\/fra\/hebergements-groupes\/"},{"@type":"ListItem","position":2,"name":"Page d\u2019exemple"}]},{"@type":"WebSite","@id":"http:\/\/www.laligue85.org\/fra\/hebergements-groupes\/#website","url":"http:\/\/www.laligue85.org\/fra\/hebergements-groupes\/","name":"Hebergements-groupes","description":"S\u00e9jours groupes, s\u00e9minaires et h\u00e9bergements sur l&#039;\u00eele de Noimoutier","potentialAction":[{"@type":"SearchAction","target":{"@type":"EntryPoint","urlTemplate":"http:\/\/www.laligue85.org\/fra\/hebergements-groupes\/?s={search_term_string}"},"query-input":"required name=search_term_string"}],"inLanguage":"fr-FR"}]}},"jetpack_sharing_enabled":true,"jetpack_shortlink":"https:\/\/wp.me\/PaIbRJ-2","jetpack-related-posts":[{"id":7823,"url":"http:\/\/www.laligue85.org\/fra\/hebergements-groupes\/groupes\/","url_meta":{"origin":2,"position":0},"title":"S\u00e9jours de groupes","date":"9 ao\u00fbt 2018","format":false,"excerpt":"[vc_row equal_height=\"yes\" content_placement=\"middle\" bg_color_pre=\"bg-color-1\" css=\".vc_custom_1494860929308{padding-top: 90px !important;padding-bottom: 60px !important;background-position: center !important;background-repeat: no-repeat !important;background-size: cover !important;}\"][vc_column width=\"1\/2\" col_padding=\"2\" col_padding_side=\"right\" css=\".vc_custom_1494861025506{padding-top: 0px !important;}\"][vc_single_image image=\"8894\" img_size=\"700x660\"][\/vc_column][vc_column width=\"1\/2\" col_padding=\"2\" col_padding_side=\"left\" css=\".vc_custom_1494861039724{padding-top: 20px !important;}\"][vc_column_text css=\".vc_custom_1549381795182{margin-bottom: 25px !important;}\"] Nos h\u00e9bergements [\/vc_column_text][\/vc_column][\/vc_row][vc_row css=\".vc_custom_1494849953524{padding-top: 90px !important;padding-bottom: 50px !important;}\"][vc_column][vc_row_inner equal_height=\"yes\" content_placement=\"middle\" css=\".vc_custom_1494851068829{margin-bottom: 40px !important;}\"][vc_column_inner width=\"5\/12\" css=\".vc_custom_1494849694618{padding-left: 5% !important;}\"][vc_column_text css=\".vc_custom_1549382560422{margin-bottom:\u2026","rel":"","context":"Article similaire","img":{"alt_text":"","src":"","width":0,"height":0},"classes":[]},{"id":7029,"url":"http:\/\/www.laligue85.org\/fra\/hebergements-groupes\/hebergements\/","url_meta":{"origin":2,"position":1},"title":"Nos h\u00e9bergements","date":"5 juillet 2017","format":false,"excerpt":"[vc_row][vc_column][vc_column_text] Nos h\u00e9bergements [\/vc_column_text][vc_column_text] Nos h\u00e9bergements [\/vc_column_text][\/vc_column][\/vc_row][vc_row equal_height=\"yes\" content_placement=\"middle\" css=\".vc_custom_1494845225544{padding-top: 90px !important;padding-bottom: 90px !important;}\"][vc_column width=\"1\/2\" col_padding=\"1\" col_padding_side=\"left\"][vc_single_image image=\"8894\" img_size=\"700x600\" css_animation=\"none\" css=\".vc_custom_1553269248954{margin-bottom: 0px !important;}\"][\/vc_column][vc_column width=\"1\/2\" col_padding=\"1\" col_padding_side=\"right\"][vc_icon type=\"linecons\" icon_linecons=\"vc_li vc_li-location\" align=\"center\" css=\".vc_custom_1553268963985{margin-bottom: 15px !important;}\"][vc_custom_heading text=\"Les Lutins - Ile de Noirmoutier\" font_container=\"tag:h3|font_size:28px|text_align:center\" google_fonts=\"font_family:Open%20Sans%3A300%2C300italic%2Cregular%2Citalic%2C600%2C600italic%2C700%2C700italic%2C800%2C800italic|font_style:400%20regular%3A400%3Anormal\"][vc_column_text] Le centre est situ\u00e9 sur le charmant village du\u2026","rel":"","context":"Article similaire","img":{"alt_text":"","src":"","width":0,"height":0},"classes":[]},{"id":7834,"url":"http:\/\/www.laligue85.org\/fra\/hebergements-groupes\/seminaire\/","url_meta":{"origin":2,"position":2},"title":"S\u00e9minaires et formations","date":"9 ao\u00fbt 2018","format":false,"excerpt":"[vc_row equal_height=\"yes\" content_placement=\"middle\" css=\".vc_custom_1493822260304{padding-top: 90px !important;padding-bottom: 90px !important;}\"][vc_column width=\"1\/2\" col_padding=\"2\" col_padding_side=\"right\"][vc_single_image image=\"8907\" img_size=\"700x600\" css_animation=\"none\" css=\".vc_custom_1549387216246{margin-bottom: 0px !important;}\"][\/vc_column][vc_column width=\"1\/2\" col_padding=\"2\" col_padding_side=\"left\"][vc_column_text] Le centre Les Lutins Espace id\u00e9al et adapt\u00e9 aux s\u00e9minaires et r\u00e9unions d'entreprises ou associatives, le centre \"Les lutins\" dispose, en plus de ses chambres,\u00a0 de plusieurs salles modulables ainsi\u2026","rel":"","context":"Article similaire","img":{"alt_text":"","src":"","width":0,"height":0},"classes":[]}],"_links":{"self":[{"href":"http:\/\/www.laligue85.org\/fra\/hebergements-groupes\/wp-json\/wp\/v2\/pages\/2","targetHints":{"allow":["GET"]}}],"collection":[{"href":"http:\/\/www.laligue85.org\/fra\/hebergements-groupes\/wp-json\/wp\/v2\/pages"}],"about":[{"href":"http:\/\/www.laligue85.org\/fra\/hebergements-groupes\/wp-json\/wp\/v2\/types\/page"}],"author":[{"embeddable":true,"href":"http:\/\/www.laligue85.org\/fra\/hebergements-groupes\/wp-json\/wp\/v2\/users\/2"}],"replies":[{"embeddable":true,"href":"http:\/\/www.laligue85.org\/fra\/hebergements-groupes\/wp-json\/wp\/v2\/comments?post=2"}],"version-history":[{"count":11,"href":"http:\/\/www.laligue85.org\/fra\/hebergements-groupes\/wp-json\/wp\/v2\/pages\/2\/revisions"}],"predecessor-version":[{"id":9088,"href":"http:\/\/www.laligue85.org\/fra\/hebergements-groupes\/wp-json\/wp\/v2\/pages\/2\/revisions\/9088"}],"wp:attachment":[{"href":"http:\/\/www.laligue85.org\/fra\/hebergements-groupes\/wp-json\/wp\/v2\/media?parent=2"}],"curies":[{"name":"wp","href":"https:\/\/api.w.org\/{rel}","templated":true}]}}