{"id":7029,"date":"2017-07-05T15:56:47","date_gmt":"2017-07-05T15:56:47","guid":{"rendered":"http:\/\/engage.veented.com\/construction\/?page_id=487"},"modified":"2019-06-06T10:22:54","modified_gmt":"2019-06-06T08:22:54","slug":"hebergements","status":"publish","type":"page","link":"http:\/\/www.laligue85.org\/fra\/hebergements-groupes\/hebergements\/","title":{"rendered":"Nos h\u00e9bergements"},"content":{"rendered":"<p>[vc_row][vc_column][vc_column_text]<\/p>\n<h3><\/h3>\n<h3><\/h3>\n<h3><\/h3>\n<h3><span style=\"color: #ffffff;\">Nos h\u00e9bergements<\/span><\/h3>\n<p>[\/vc_column_text][vc_column_text]<\/p>\n<h3><\/h3>\n<h3><\/h3>\n<h3><\/h3>\n<h3>Nos h\u00e9bergements<\/h3>\n<p>[\/vc_column_text][\/vc_column][\/vc_row][vc_row equal_height=\u00a0\u00bbyes\u00a0\u00bb content_placement=\u00a0\u00bbmiddle\u00a0\u00bb css=\u00a0\u00bb.vc_custom_1494845225544{padding-top: 90px !important;padding-bottom: 90px !important;}\u00a0\u00bb][vc_column width=\u00a0\u00bb1\/2&Prime; col_padding=\u00a0\u00bb1&Prime; col_padding_side=\u00a0\u00bbleft\u00a0\u00bb][vc_single_image image=\u00a0\u00bb8894&Prime; img_size=\u00a0\u00bb700&#215;600&Prime; css_animation=\u00a0\u00bbnone\u00a0\u00bb css=\u00a0\u00bb.vc_custom_1553269248954{margin-bottom: 0px !important;}\u00a0\u00bb][\/vc_column][vc_column width=\u00a0\u00bb1\/2&Prime; col_padding=\u00a0\u00bb1&Prime; col_padding_side=\u00a0\u00bbright\u00a0\u00bb][vc_icon type=\u00a0\u00bblinecons\u00a0\u00bb icon_linecons=\u00a0\u00bbvc_li vc_li-location\u00a0\u00bb align=\u00a0\u00bbcenter\u00a0\u00bb css=\u00a0\u00bb.vc_custom_1553268963985{margin-bottom: 15px !important;}\u00a0\u00bb][vc_custom_heading text=\u00a0\u00bbLes Lutins &#8211; Ile de Noirmoutier\u00a0\u00bb font_container=\u00a0\u00bbtag:h3|font_size:28px|text_align:center\u00a0\u00bb google_fonts=\u00a0\u00bbfont_family:Open%20Sans%3A300%2C300italic%2Cregular%2Citalic%2C600%2C600italic%2C700%2C700italic%2C800%2C800italic|font_style:400%20regular%3A400%3Anormal\u00a0\u00bb][vc_column_text]<\/p>\n<p style=\"text-align: center;\">Le centre est situ\u00e9 sur le charmant village du Vieil, au nord-est de l\u2019\u00eele. Entre simplicit\u00e9 des maisons de p\u00eacheurs et architecture travaill\u00e9e des maisons de ma\u00eetre du bord de plage, d\u2019ici se d\u00e9gage une ambiance de carte postale. C\u2019est \u00e0 pied ou \u00e0 v\u00e9lo que vous profiterez au mieux de ce paisible coin de l\u2019\u00eele. N\u2019ayez crainte de vous ennuyer, ici toutes les ruelles m\u00e8nent \u00e0 la plage et ses activit\u00e9s nautiques.<\/p>\n<p>[\/vc_column_text]<div class=\"btn-holder btn-align-center\"><a href=\"http:\/\/www.laligue85.org\/fra\/hebergements-groupes\/2019\/02\/11\/les-lutins\/\" title=\"Les Lutins\" class=\"btn btn-regular btn-solid  btn-blue btn-hover-dark btn-with-icon btn-icon-right_side_hover\" target=\"\"><span>D\u00e9couvrir le centre<\/span><i class=\"fa fa-angle-right\"><\/i><\/a><\/div>[\/vc_column][\/vc_row][vc_row equal_height=\u00a0\u00bbyes\u00a0\u00bb content_placement=\u00a0\u00bbmiddle\u00a0\u00bb css=\u00a0\u00bb.vc_custom_1494845225544{padding-top: 90px !important;padding-bottom: 90px !important;}\u00a0\u00bb][vc_column width=\u00a0\u00bb1\/2&Prime; col_padding=\u00a0\u00bb1&Prime; col_padding_side=\u00a0\u00bbright\u00a0\u00bb][vc_icon type=\u00a0\u00bblinecons\u00a0\u00bb icon_linecons=\u00a0\u00bbvc_li vc_li-paperplane\u00a0\u00bb align=\u00a0\u00bbcenter\u00a0\u00bb css=\u00a0\u00bb.vc_custom_1494845317040{margin-bottom: 15px !important;}\u00a0\u00bb][vc_custom_heading text=\u00a0\u00bbLe Vieil &#8211; Ile de Noirmoutier\u00a0\u00bb font_container=\u00a0\u00bbtag:h3|font_size:28px|text_align:center\u00a0\u00bb google_fonts=\u00a0\u00bbfont_family:Open%20Sans%3A300%2C300italic%2Cregular%2Citalic%2C600%2C600italic%2C700%2C700italic%2C800%2C800italic|font_style:400%20regular%3A400%3Anormal\u00a0\u00bb][vc_column_text]<\/p>\n<p style=\"text-align: center;\">Le centre est situ\u00e9 sur le charmant village du Vieil, au nord-est de l\u2019\u00eele. Entre simplicit\u00e9 des maisons de p\u00eacheurs et architecture travaill\u00e9e des maisons de ma\u00eetre du bord de plage, d\u2019ici se d\u00e9gage une ambiance de carte postale. C\u2019est \u00e0 pied ou \u00e0 v\u00e9lo que vous profiterez au mieux de ce paisible coin de l\u2019\u00eele. N\u2019ayez crainte de vous ennuyer, ici toutes les ruelles m\u00e8nent \u00e0 la plage et ses activit\u00e9s nautiques.<\/p>\n<p>[\/vc_column_text]<div class=\"btn-holder btn-align-center\"><a href=\"http:\/\/www.laligue85.org\/fra\/hebergements-groupes\/2019\/02\/11\/le-vieil\/\" title=\"\" class=\"btn btn-regular btn-solid  btn-blue btn-hover-dark btn-with-icon btn-icon-right_side_hover\" target=\"\"><span>D\u00e9couvrir le centre<\/span><i class=\"fa fa-angle-right\"><\/i><\/a><\/div>[\/vc_column][vc_column width=\u00a0\u00bb1\/2&Prime; col_padding=\u00a0\u00bb1&Prime; col_padding_side=\u00a0\u00bbleft\u00a0\u00bb][vc_single_image image=\u00a0\u00bb8993&Prime; img_size=\u00a0\u00bb700&#215;600&Prime; css_animation=\u00a0\u00bbnone\u00a0\u00bb css=\u00a0\u00bb.vc_custom_1553269870220{margin-bottom: 0px !important;}\u00a0\u00bb][\/vc_column][\/vc_row][vc_row equal_height=\u00a0\u00bbyes\u00a0\u00bb content_placement=\u00a0\u00bbmiddle\u00a0\u00bb css=\u00a0\u00bb.vc_custom_1494844972270{padding-top: 90px !important;padding-bottom: 90px !important;}\u00a0\u00bb][vc_column width=\u00a0\u00bb7\/12&Prime; col_padding=\u00a0\u00bb2&Prime; col_padding_side=\u00a0\u00bbright\u00a0\u00bb][vc_single_image image=\u00a0\u00bb8991&Prime; img_size=\u00a0\u00bb800&#215;660&Prime; css_animation=\u00a0\u00bbnone\u00a0\u00bb css=\u00a0\u00bb.vc_custom_1553269471980{margin-bottom: 0px !important;}\u00a0\u00bb][\/vc_column][vc_column width=\u00a0\u00bb5\/12&Prime; col_padding=\u00a0\u00bb2&Prime; col_padding_side=\u00a0\u00bbleft\u00a0\u00bb][vc_icon type=\u00a0\u00bblinecons\u00a0\u00bb icon_linecons=\u00a0\u00bbvc_li vc_li-key\u00a0\u00bb css=\u00a0\u00bb.vc_custom_1553269447494{margin-bottom: 15px !important;margin-left: -13px !important;}\u00a0\u00bb][vc_custom_heading text=\u00a0\u00bbLe Fief du Moulin &#8211; Ile de Noirmoutier\u00a0\u00bb google_fonts=\u00a0\u00bbfont_family:Open%20Sans%3A300%2C300italic%2Cregular%2Citalic%2C600%2C600italic%2C700%2C700italic%2C800%2C800italic|font_style:400%20regular%3A400%3Anormal\u00a0\u00bb][vc_column_text font_size=\u00a0\u00bbmedium\u00a0\u00bb]A proximit\u00e9 du passage du Gois, lieu unique en Europe, reliant \u00e0 mar\u00e9e basse le continent \u00e0 l\u2019Ile, le centre est implant\u00e9 sur le petit village de Barb\u00e2tre, au sud de l\u2019\u00eele de Noirmoutier. Proche des commerces du bourg et de son petit march\u00e9, le centre b\u00e9n\u00e9ficie d\u2019un acc\u00e8s direct \u00e0 la for\u00eat domaniale et \u00e0 la plage.[\/vc_column_text]<div class=\"btn-holder btn-align-left\"><a href=\"http:\/\/www.laligue85.org\/fra\/hebergements-groupes\/2019\/02\/12\/le-fief-du-moulin\/\" title=\"Le fief du Moulin\" class=\"btn btn-regular btn-solid  btn-blue btn-hover-dark btn-with-icon btn-icon-right_side_hover\" target=\"\"><span>D\u00e9couvrir le centre<\/span><i class=\"fa fa-angle-right\"><\/i><\/a><\/div>[\/vc_column][\/vc_row][vc_row equal_height=\u00a0\u00bbyes\u00a0\u00bb content_placement=\u00a0\u00bbmiddle\u00a0\u00bb css=\u00a0\u00bb.vc_custom_1494845225544{padding-top: 90px !important;padding-bottom: 90px !important;}\u00a0\u00bb][vc_column width=\u00a0\u00bb1\/2&Prime; col_padding=\u00a0\u00bb1&Prime; col_padding_side=\u00a0\u00bbright\u00a0\u00bb][vc_icon type=\u00a0\u00bblinecons\u00a0\u00bb icon_linecons=\u00a0\u00bbvc_li vc_li-star\u00a0\u00bb align=\u00a0\u00bbcenter\u00a0\u00bb css=\u00a0\u00bb.vc_custom_1553270423422{margin-bottom: 15px !important;}\u00a0\u00bb][vc_custom_heading text=\u00a0\u00bbLa Corniche &#8211; Saint Hilaire de Riez\u00a0\u00bb font_container=\u00a0\u00bbtag:h3|font_size:28px|text_align:center\u00a0\u00bb google_fonts=\u00a0\u00bbfont_family:Open%20Sans%3A300%2C300italic%2Cregular%2Citalic%2C600%2C600italic%2C700%2C700italic%2C800%2C800italic|font_style:400%20regular%3A400%3Anormal\u00a0\u00bb][vc_column_text]<\/p>\n<p style=\"text-align: center;\">Situ\u00e9e sur la commune de St Hilaire de Riez, cette structure b\u00e2tie face \u00e0 la mer est enti\u00e8rement d\u00e9di\u00e9e \u00e0 l\u2019accueil de classes de d\u00e9couvertes. Ce sont 13km de c\u00f4tes sableuses et rocheuses, la fameuse corniche vend\u00e9enne, qui s\u2019\u00e9tendent au pied du centre. Profitez d\u2019une mosa\u00efque de paysages \u00e0 observer avec vos \u00e9l\u00e8ves\u00a0: for\u00eat domaniale, dunes, marais doux ou sal\u00e9s\u2026<\/p>\n<p>[\/vc_column_text]<div class=\"btn-holder btn-align-center\"><a href=\"http:\/\/www.laligue85.org\/fra\/hebergements-groupes\/2019\/02\/12\/la-corniche-special-classes\/\" title=\"La Corniche \u2013 sp\u00e9cial classes\" class=\"btn btn-regular btn-solid  btn-blue btn-hover-dark btn-with-icon btn-icon-right_side_hover\" target=\"\"><span>D\u00e9couvrir le centre<\/span><i class=\"fa fa-angle-right\"><\/i><\/a><\/div>[\/vc_column][vc_column width=\u00a0\u00bb1\/2&Prime; col_padding=\u00a0\u00bb1&Prime; col_padding_side=\u00a0\u00bbleft\u00a0\u00bb][vc_single_image image=\u00a0\u00bb8891&Prime; img_size=\u00a0\u00bb700&#215;600&Prime; css_animation=\u00a0\u00bbnone\u00a0\u00bb css=\u00a0\u00bb.vc_custom_1553271373330{margin-bottom: 0px !important;}\u00a0\u00bb][\/vc_column][\/vc_row][vc_row equal_height=\u00a0\u00bbyes\u00a0\u00bb content_placement=\u00a0\u00bbmiddle\u00a0\u00bb css=\u00a0\u00bb.vc_custom_1494844972270{padding-top: 90px !important;padding-bottom: 90px !important;}\u00a0\u00bb][vc_column width=\u00a0\u00bb7\/12&Prime; col_padding=\u00a0\u00bb2&Prime; col_padding_side=\u00a0\u00bbright\u00a0\u00bb][vc_single_image image=\u00a0\u00bb8897&Prime; css_animation=\u00a0\u00bbnone\u00a0\u00bb css=\u00a0\u00bb.vc_custom_1553694091946{margin-bottom: 0px !important;}\u00a0\u00bb][\/vc_column][vc_column width=\u00a0\u00bb5\/12&Prime; col_padding=\u00a0\u00bb2&Prime; col_padding_side=\u00a0\u00bbleft\u00a0\u00bb][vc_icon type=\u00a0\u00bblinecons\u00a0\u00bb icon_linecons=\u00a0\u00bbvc_li vc_li-key\u00a0\u00bb css=\u00a0\u00bb.vc_custom_1553269447494{margin-bottom: 15px !important;margin-left: -13px !important;}\u00a0\u00bb][vc_custom_heading text=\u00a0\u00bbLe label rando accueil\u00a0\u00bb google_fonts=\u00a0\u00bbfont_family:Open%20Sans%3A300%2C300italic%2Cregular%2Citalic%2C600%2C600italic%2C700%2C700italic%2C800%2C800italic|font_style:400%20regular%3A400%3Anormal\u00a0\u00bb][vc_column_text font_size=\u00a0\u00bbmedium\u00a0\u00bb]<a href=\"http:\/\/www.rando-accueil.com\/\">Rando Accueil<\/a>\u00a0est un label national qui identifie des \u00e9tablissements touristiques offrant une prestation d\u2019h\u00e9bergement. Sp\u00e9cialis\u00e9 dans la randonn\u00e9e (\u00e0 pied, \u00e0 v\u00e9lo, en VTT, \u00e0 cheval, \u00e0 ski, en raquette\u2026) mais aussi dans les activit\u00e9s de d\u00e9couverte et les sports de pleine nature, le label Rando Accueil garantit aux clients des h\u00e9bergements et des services adapt\u00e9s aux diff\u00e9rentes pratiques de balade et de grande randonn\u00e9e.[\/vc_column_text]<div class=\"btn-holder btn-align-left\"><a href=\"http:\/\/www.laligue85.org\/fra\/hebergements-groupes\/2019\/02\/12\/le-label-rando-accueil\/\" title=\"\" class=\"btn btn-regular btn-solid  btn-blue btn-hover-dark btn-with-icon btn-icon-right_side_hover\" target=\"\"><span>En savoir plus<\/span><i class=\"fa fa-angle-right\"><\/i><\/a><\/div>[\/vc_column][\/vc_row]<\/p>\n","protected":false},"excerpt":{"rendered":"<p>[vc_row][vc_column][vc_column_text] Nos h\u00e9bergements [\/vc_column_text][vc_column_text] Nos h\u00e9bergements [\/vc_column_text][\/vc_column][\/vc_row][vc_row equal_height=\u00a0\u00bbyes\u00a0\u00bb content_placement=\u00a0\u00bbmiddle\u00a0\u00bb css=\u00a0\u00bb.vc_custom_1494845225544{padding-top: 90px !important;padding-bottom: 90px !important;}\u00a0\u00bb][vc_column width=\u00a0\u00bb1\/2&Prime; col_padding=\u00a0\u00bb1&Prime; col_padding_side=\u00a0\u00bbleft\u00a0\u00bb][vc_single_image image=\u00a0\u00bb8894&Prime; img_size=\u00a0\u00bb700&#215;600&Prime; css_animation=\u00a0\u00bbnone\u00a0\u00bb css=\u00a0\u00bb.vc_custom_1553269248954{margin-bottom: 0px !important;}\u00a0\u00bb][\/vc_column][vc_column width=\u00a0\u00bb1\/2&Prime; col_padding=\u00a0\u00bb1&Prime; col_padding_side=\u00a0\u00bbright\u00a0\u00bb][vc_icon type=\u00a0\u00bblinecons\u00a0\u00bb icon_linecons=\u00a0\u00bbvc_li vc_li-location\u00a0\u00bb align=\u00a0\u00bbcenter\u00a0\u00bb css=\u00a0\u00bb.vc_custom_1553268963985{margin-bottom: 15px !important;}\u00a0\u00bb][vc_custom_heading text=\u00a0\u00bbLes Lutins &#8211; Ile de Noirmoutier\u00a0\u00bb font_container=\u00a0\u00bbtag:h3|font_size:28px|text_align:center\u00a0\u00bb google_fonts=\u00a0\u00bbfont_family:Open%20Sans%3A300%2C300italic%2Cregular%2Citalic%2C600%2C600italic%2C700%2C700italic%2C800%2C800italic|font_style:400%20regular%3A400%3Anormal\u00a0\u00bb][vc_column_text] Le centre est situ\u00e9 sur le charmant village du [&hellip;]<\/p>\n","protected":false},"author":2,"featured_media":0,"parent":0,"menu_order":0,"comment_status":"closed","ping_status":"closed","template":"","meta":{"jetpack_post_was_ever_published":false,"footnotes":""},"class_list":["post-7029","page","type-page","status-publish","hentry"],"yoast_head":"<!-- This site is optimized with the Yoast SEO plugin v20.0 - https:\/\/yoast.com\/wordpress\/plugins\/seo\/ -->\n<title>Nos h\u00e9bergements - Hebergements-groupes<\/title>\n<meta name=\"description\" content=\"Les centres d&#039;h\u00e9bergements de l&#039;\u00eele de Noirmoutier facilitent les s\u00e9jours de groupes pour les associations, entreprises mais aussi les familles\" \/>\n<meta name=\"robots\" content=\"index, follow, max-snippet:-1, max-image-preview:large, max-video-preview:-1\" \/>\n<link rel=\"canonical\" href=\"http:\/\/www.laligue85.org\/fra\/hebergements-groupes\/hebergements\/\" \/>\n<meta property=\"og:locale\" content=\"fr_FR\" \/>\n<meta property=\"og:type\" content=\"article\" \/>\n<meta property=\"og:title\" content=\"Nos h\u00e9bergements - Hebergements-groupes\" \/>\n<meta property=\"og:description\" content=\"Les centres d&#039;h\u00e9bergements de l&#039;\u00eele de Noirmoutier facilitent les s\u00e9jours de groupes pour les associations, entreprises mais aussi les familles\" \/>\n<meta property=\"og:url\" content=\"http:\/\/www.laligue85.org\/fra\/hebergements-groupes\/hebergements\/\" \/>\n<meta property=\"og:site_name\" content=\"Hebergements-groupes\" \/>\n<meta property=\"article:modified_time\" content=\"2019-06-06T08:22:54+00:00\" \/>\n<meta name=\"twitter:card\" content=\"summary_large_image\" \/>\n<meta name=\"twitter:label1\" content=\"Dur\u00e9e de lecture estim\u00e9e\" \/>\n\t<meta name=\"twitter:data1\" content=\"6 minutes\" \/>\n<script type=\"application\/ld+json\" class=\"yoast-schema-graph\">{\"@context\":\"https:\/\/schema.org\",\"@graph\":[{\"@type\":\"WebPage\",\"@id\":\"http:\/\/www.laligue85.org\/fra\/hebergements-groupes\/hebergements\/\",\"url\":\"http:\/\/www.laligue85.org\/fra\/hebergements-groupes\/hebergements\/\",\"name\":\"Nos h\u00e9bergements - Hebergements-groupes\",\"isPartOf\":{\"@id\":\"http:\/\/www.laligue85.org\/fra\/hebergements-groupes\/#website\"},\"datePublished\":\"2017-07-05T15:56:47+00:00\",\"dateModified\":\"2019-06-06T08:22:54+00:00\",\"description\":\"Les centres d'h\u00e9bergements de l'\u00eele de Noirmoutier facilitent les s\u00e9jours de groupes pour les associations, entreprises mais aussi les familles\",\"breadcrumb\":{\"@id\":\"http:\/\/www.laligue85.org\/fra\/hebergements-groupes\/hebergements\/#breadcrumb\"},\"inLanguage\":\"fr-FR\",\"potentialAction\":[{\"@type\":\"ReadAction\",\"target\":[\"http:\/\/www.laligue85.org\/fra\/hebergements-groupes\/hebergements\/\"]}]},{\"@type\":\"BreadcrumbList\",\"@id\":\"http:\/\/www.laligue85.org\/fra\/hebergements-groupes\/hebergements\/#breadcrumb\",\"itemListElement\":[{\"@type\":\"ListItem\",\"position\":1,\"name\":\"Accueil\",\"item\":\"http:\/\/www.laligue85.org\/fra\/hebergements-groupes\/\"},{\"@type\":\"ListItem\",\"position\":2,\"name\":\"Nos h\u00e9bergements\"}]},{\"@type\":\"WebSite\",\"@id\":\"http:\/\/www.laligue85.org\/fra\/hebergements-groupes\/#website\",\"url\":\"http:\/\/www.laligue85.org\/fra\/hebergements-groupes\/\",\"name\":\"Hebergements-groupes\",\"description\":\"S\u00e9jours groupes, s\u00e9minaires et h\u00e9bergements sur l&#039;\u00eele de Noimoutier\",\"potentialAction\":[{\"@type\":\"SearchAction\",\"target\":{\"@type\":\"EntryPoint\",\"urlTemplate\":\"http:\/\/www.laligue85.org\/fra\/hebergements-groupes\/?s={search_term_string}\"},\"query-input\":\"required name=search_term_string\"}],\"inLanguage\":\"fr-FR\"}]}<\/script>\n<!-- \/ Yoast SEO plugin. -->","yoast_head_json":{"title":"Nos h\u00e9bergements - Hebergements-groupes","description":"Les centres d'h\u00e9bergements de l'\u00eele de Noirmoutier facilitent les s\u00e9jours de groupes pour les associations, entreprises mais aussi les familles","robots":{"index":"index","follow":"follow","max-snippet":"max-snippet:-1","max-image-preview":"max-image-preview:large","max-video-preview":"max-video-preview:-1"},"canonical":"http:\/\/www.laligue85.org\/fra\/hebergements-groupes\/hebergements\/","og_locale":"fr_FR","og_type":"article","og_title":"Nos h\u00e9bergements - Hebergements-groupes","og_description":"Les centres d'h\u00e9bergements de l'\u00eele de Noirmoutier facilitent les s\u00e9jours de groupes pour les associations, entreprises mais aussi les familles","og_url":"http:\/\/www.laligue85.org\/fra\/hebergements-groupes\/hebergements\/","og_site_name":"Hebergements-groupes","article_modified_time":"2019-06-06T08:22:54+00:00","twitter_card":"summary_large_image","twitter_misc":{"Dur\u00e9e de lecture estim\u00e9e":"6 minutes"},"schema":{"@context":"https:\/\/schema.org","@graph":[{"@type":"WebPage","@id":"http:\/\/www.laligue85.org\/fra\/hebergements-groupes\/hebergements\/","url":"http:\/\/www.laligue85.org\/fra\/hebergements-groupes\/hebergements\/","name":"Nos h\u00e9bergements - Hebergements-groupes","isPartOf":{"@id":"http:\/\/www.laligue85.org\/fra\/hebergements-groupes\/#website"},"datePublished":"2017-07-05T15:56:47+00:00","dateModified":"2019-06-06T08:22:54+00:00","description":"Les centres d'h\u00e9bergements de l'\u00eele de Noirmoutier facilitent les s\u00e9jours de groupes pour les associations, entreprises mais aussi les familles","breadcrumb":{"@id":"http:\/\/www.laligue85.org\/fra\/hebergements-groupes\/hebergements\/#breadcrumb"},"inLanguage":"fr-FR","potentialAction":[{"@type":"ReadAction","target":["http:\/\/www.laligue85.org\/fra\/hebergements-groupes\/hebergements\/"]}]},{"@type":"BreadcrumbList","@id":"http:\/\/www.laligue85.org\/fra\/hebergements-groupes\/hebergements\/#breadcrumb","itemListElement":[{"@type":"ListItem","position":1,"name":"Accueil","item":"http:\/\/www.laligue85.org\/fra\/hebergements-groupes\/"},{"@type":"ListItem","position":2,"name":"Nos h\u00e9bergements"}]},{"@type":"WebSite","@id":"http:\/\/www.laligue85.org\/fra\/hebergements-groupes\/#website","url":"http:\/\/www.laligue85.org\/fra\/hebergements-groupes\/","name":"Hebergements-groupes","description":"S\u00e9jours groupes, s\u00e9minaires et h\u00e9bergements sur l&#039;\u00eele de Noimoutier","potentialAction":[{"@type":"SearchAction","target":{"@type":"EntryPoint","urlTemplate":"http:\/\/www.laligue85.org\/fra\/hebergements-groupes\/?s={search_term_string}"},"query-input":"required name=search_term_string"}],"inLanguage":"fr-FR"}]}},"jetpack_sharing_enabled":true,"jetpack_shortlink":"https:\/\/wp.me\/PaIbRJ-1Pn","jetpack-related-posts":[{"id":7823,"url":"http:\/\/www.laligue85.org\/fra\/hebergements-groupes\/groupes\/","url_meta":{"origin":7029,"position":0},"title":"S\u00e9jours de groupes","date":"9 ao\u00fbt 2018","format":false,"excerpt":"[vc_row equal_height=\"yes\" content_placement=\"middle\" bg_color_pre=\"bg-color-1\" css=\".vc_custom_1494860929308{padding-top: 90px !important;padding-bottom: 60px !important;background-position: center !important;background-repeat: no-repeat !important;background-size: cover !important;}\"][vc_column width=\"1\/2\" col_padding=\"2\" col_padding_side=\"right\" css=\".vc_custom_1494861025506{padding-top: 0px !important;}\"][vc_single_image image=\"8894\" img_size=\"700x660\"][\/vc_column][vc_column width=\"1\/2\" col_padding=\"2\" col_padding_side=\"left\" css=\".vc_custom_1494861039724{padding-top: 20px !important;}\"][vc_column_text css=\".vc_custom_1549381795182{margin-bottom: 25px !important;}\"] Nos h\u00e9bergements [\/vc_column_text][\/vc_column][\/vc_row][vc_row css=\".vc_custom_1494849953524{padding-top: 90px !important;padding-bottom: 50px !important;}\"][vc_column][vc_row_inner equal_height=\"yes\" content_placement=\"middle\" css=\".vc_custom_1494851068829{margin-bottom: 40px !important;}\"][vc_column_inner width=\"5\/12\" css=\".vc_custom_1494849694618{padding-left: 5% !important;}\"][vc_column_text css=\".vc_custom_1549382560422{margin-bottom:\u2026","rel":"","context":"Article similaire","img":{"alt_text":"","src":"","width":0,"height":0},"classes":[]},{"id":7834,"url":"http:\/\/www.laligue85.org\/fra\/hebergements-groupes\/seminaire\/","url_meta":{"origin":7029,"position":1},"title":"S\u00e9minaires et formations","date":"9 ao\u00fbt 2018","format":false,"excerpt":"[vc_row equal_height=\"yes\" content_placement=\"middle\" css=\".vc_custom_1493822260304{padding-top: 90px !important;padding-bottom: 90px !important;}\"][vc_column width=\"1\/2\" col_padding=\"2\" col_padding_side=\"right\"][vc_single_image image=\"8907\" img_size=\"700x600\" css_animation=\"none\" css=\".vc_custom_1549387216246{margin-bottom: 0px !important;}\"][\/vc_column][vc_column width=\"1\/2\" col_padding=\"2\" col_padding_side=\"left\"][vc_column_text] Le centre Les Lutins Espace id\u00e9al et adapt\u00e9 aux s\u00e9minaires et r\u00e9unions d'entreprises ou associatives, le centre \"Les lutins\" dispose, en plus de ses chambres,\u00a0 de plusieurs salles modulables ainsi\u2026","rel":"","context":"Article similaire","img":{"alt_text":"","src":"","width":0,"height":0},"classes":[]},{"id":2,"url":"http:\/\/www.laligue85.org\/fra\/hebergements-groupes\/","url_meta":{"origin":7029,"position":2},"title":"Page d\u2019exemple","date":"23 janvier 2019","format":false,"excerpt":"[vc_row][vc_column][vc_column_text] [\/vc_column_text][\/vc_column][\/vc_row][vc_row][vc_column][\/vc_column][\/vc_row][vc_row css=\".vc_custom_1493821714807{padding-top: 75px !important;padding-bottom: 20px !important;}\"][vc_column][vc_row_inner css=\".vc_custom_1493821700763{padding-top: 10px !important;padding-bottom: 30px !important;}\"][vc_column_inner width=\"1\/4\"][\/vc_column_inner][vc_column_inner width=\"1\/4\"][\/vc_column_inner][vc_column_inner width=\"1\/4\"][\/vc_column_inner][vc_column_inner width=\"1\/4\"][\/vc_column_inner][\/vc_row_inner][\/vc_column][\/vc_row][vc_row][vc_column][\/vc_column][\/vc_row][vc_row bg_color_pre=\"bg-color-1\" css=\".vc_custom_1493990837872{padding-top: 30px !important;padding-bottom: 5px !important;}\"][vc_column][\/vc_column][\/vc_row][vc_row][vc_column][vc_media_grid style=\"load-more\" items_per_page=\"12\" element_width=\"2\" btn_color=\"default\" grid_id=\"vc_gid:1549968315912-010cf468-484c-7\" include=\"9053,9036,9004,8940,8917,8916,8911,8894,8896,8897,8898,8899\"][\/vc_column][\/vc_row]","rel":"","context":"Article similaire","img":{"alt_text":"","src":"","width":0,"height":0},"classes":[]}],"_links":{"self":[{"href":"http:\/\/www.laligue85.org\/fra\/hebergements-groupes\/wp-json\/wp\/v2\/pages\/7029","targetHints":{"allow":["GET"]}}],"collection":[{"href":"http:\/\/www.laligue85.org\/fra\/hebergements-groupes\/wp-json\/wp\/v2\/pages"}],"about":[{"href":"http:\/\/www.laligue85.org\/fra\/hebergements-groupes\/wp-json\/wp\/v2\/types\/page"}],"author":[{"embeddable":true,"href":"http:\/\/www.laligue85.org\/fra\/hebergements-groupes\/wp-json\/wp\/v2\/users\/2"}],"replies":[{"embeddable":true,"href":"http:\/\/www.laligue85.org\/fra\/hebergements-groupes\/wp-json\/wp\/v2\/comments?post=7029"}],"version-history":[{"count":30,"href":"http:\/\/www.laligue85.org\/fra\/hebergements-groupes\/wp-json\/wp\/v2\/pages\/7029\/revisions"}],"predecessor-version":[{"id":9234,"href":"http:\/\/www.laligue85.org\/fra\/hebergements-groupes\/wp-json\/wp\/v2\/pages\/7029\/revisions\/9234"}],"wp:attachment":[{"href":"http:\/\/www.laligue85.org\/fra\/hebergements-groupes\/wp-json\/wp\/v2\/media?parent=7029"}],"curies":[{"name":"wp","href":"https:\/\/api.w.org\/{rel}","templated":true}]}}