{"id":7834,"date":"2018-08-09T15:12:51","date_gmt":"2018-08-09T13:12:51","guid":{"rendered":"http:\/\/www.laligue85.org\/fra\/?page_id=7834"},"modified":"2019-03-27T16:15:27","modified_gmt":"2019-03-27T15:15:27","slug":"seminaire","status":"publish","type":"page","link":"http:\/\/www.laligue85.org\/fra\/hebergements-groupes\/seminaire\/","title":{"rendered":"S\u00e9minaires et formations"},"content":{"rendered":"<p>[vc_row equal_height=\u00a0\u00bbyes\u00a0\u00bb content_placement=\u00a0\u00bbmiddle\u00a0\u00bb css=\u00a0\u00bb.vc_custom_1493822260304{padding-top: 90px !important;padding-bottom: 90px !important;}\u00a0\u00bb][vc_column width=\u00a0\u00bb1\/2&Prime; col_padding=\u00a0\u00bb2&Prime; col_padding_side=\u00a0\u00bbright\u00a0\u00bb][vc_single_image image=\u00a0\u00bb8907&Prime; img_size=\u00a0\u00bb700&#215;600&Prime; css_animation=\u00a0\u00bbnone\u00a0\u00bb css=\u00a0\u00bb.vc_custom_1549387216246{margin-bottom: 0px !important;}\u00a0\u00bb][\/vc_column][vc_column width=\u00a0\u00bb1\/2&Prime; col_padding=\u00a0\u00bb2&Prime; col_padding_side=\u00a0\u00bbleft\u00a0\u00bb][vc_column_text]<\/p>\n<h3>Le centre Les Lutins<\/h3>\n<p>Espace id\u00e9al et adapt\u00e9 aux s\u00e9minaires et r\u00e9unions d&rsquo;entreprises ou associatives, le centre \u00ab\u00a0Les lutins\u00a0\u00bb dispose, en plus de ses chambres,\u00a0 de plusieurs salles modulables ainsi que d&rsquo;un espace de restauration pour accueillir vos journ\u00e9es d&rsquo;\u00e9changes et de r\u00e9flexions.<\/p>\n<p>Sa situation g\u00e9ographique \u00e0 quelques m\u00e8tres de la plage et du bois de la Chaise en fait un lieu id\u00e9al pour les activit\u00e9s ext\u00e9rieures collectives.[\/vc_column_text]<div class=\"btn-holder btn-align-left\"><a href=\"http:\/\/www.laligue85.org\/fra\/hebergements-groupes\/2019\/03\/27\/les-lutins-seminaires\/\" title=\"\" class=\"btn btn-regular btn-solid  btn-accent btn-hover-dark btn-with-icon btn-icon-right_side_hover\" target=\"\"><span>D\u00e9couvrir le centre<\/span><i class=\"fa fa-long-arrow-right\"><\/i><\/a><\/div>[\/vc_column][\/vc_row][vc_row equal_height=\u00a0\u00bbyes\u00a0\u00bb content_placement=\u00a0\u00bbmiddle\u00a0\u00bb color_scheme=\u00a0\u00bbwhite\u00a0\u00bb bg_overlay=\u00a0\u00bbdark30&Prime; css=\u00a0\u00bb.vc_custom_1494836841979{padding-top: 0px !important;background-image: url(http:\/\/media.veented.com\/wp-content\/uploads\/2017\/09\/full-19.jpg) !important;}\u00a0\u00bb][vc_column width=\u00a0\u00bb1\/2&Prime; col_padding=\u00a0\u00bb2&Prime; col_padding_side=\u00a0\u00bbright\u00a0\u00bb css=\u00a0\u00bb.vc_custom_1494836926761{padding-top: 155px !important;padding-bottom: 140px !important;}\u00a0\u00bb][vc_column_text font_size=\u00a0\u00bbmedium\u00a0\u00bb]<\/p>\n<h1>Les salles<\/h1>\n<p>Le centre des Lutins accueille vos s\u00e9minaires ou formations dans un cadre id\u00e9al pour travailler en \u00e9quipe.<\/p>\n<p>5 salles de 43 \u00e0 94m carr\u00e9 enti\u00e8rement \u00e9quip\u00e9es sont mises \u00e0 votre disposition[\/vc_column_text]<div class=\"btn-holder btn-align-left\"><a href=\"http:\/\/www.laligue85.org\/fra\/hebergements-groupes\/2019\/02\/11\/les-salles\/\" title=\"\" class=\"btn btn-regular btn-outline  btn-white btn-hover-white btn-with-icon btn-icon-right_side_hover\" target=\"\"><span>D\u00e9couvrir nos salles<\/span><i class=\"fa fa-long-arrow-right\"><\/i><\/a><\/div>[\/vc_column][vc_column width=\u00a0\u00bb1\/2&Prime; col_padding=\u00a0\u00bb2&Prime; col_padding_side=\u00a0\u00bbleft\u00a0\u00bb css=\u00a0\u00bb.vc_custom_1550678557760{background-image: url(http:\/\/www.laligue85.org\/fra\/hebergements-groupes\/wp-content\/uploads\/sites\/5\/2019\/02\/noirmoutier-salle-seminaire.jpg?id=8910) !important;background-position: center !important;background-repeat: no-repeat !important;background-size: cover !important;}\u00a0\u00bb][\/vc_column][\/vc_row][vc_row][vc_column]<div class=\"special-heading vntd-heading heading-border-below heading-align-center heading-with-icon\"><div class=\"special-heading-icon colored\"><i class=\"fa fa-cutlery\"><\/i><\/div><h3 class=\"special-heading-title\">Votre s\u00e9jour<\/h3><\/div>[\/vc_column][\/vc_row][vc_row css=\u00a0\u00bb.vc_custom_1493726240893{padding-top: 80px !important;padding-bottom: 45px !important;}\u00a0\u00bb][vc_column width=\u00a0\u00bb1\/4&Prime;]<div class=\"vntd-icon-box vntd-content-element box-centered-basic icon-size-medium box-centered\"><div class=\"icon-box-icon\"><i class=\"fa fa-coffee\"><\/i><\/div><div class=\"icon-box-content\"><h5 class=\"icon-box-title\">Les pauses sal\u00e9s ou sucr\u00e9es<\/h5><p class=\"icon-description\">Viennoiseries, ap\u00e9ritifs noirmoutrins...<\/p><\/div><\/div>[\/vc_column][vc_column width=\u00a0\u00bb1\/4&Prime;]<div class=\"vntd-icon-box vntd-content-element box-centered-basic icon-size-medium box-centered\"><div class=\"icon-box-icon\"><i class=\"fa fa-bed\"><\/i><\/div><div class=\"icon-box-content\"><h5 class=\"icon-box-title\">Les formules h\u00e9bergements<\/h5><p class=\"icon-description\">Demi pension ou pension compl\u00e8te ?<\/p><\/div><\/div>[\/vc_column][vc_column width=\u00a0\u00bb1\/4&Prime;]<div class=\"vntd-icon-box vntd-content-element box-centered-basic icon-size-medium box-centered\"><div class=\"icon-box-icon\"><i class=\"vc_li vc_li-food\"><\/i><\/div><div class=\"icon-box-content\"><h5 class=\"icon-box-title\">Restauration ``classique``, ``privil\u00e8ge`` ou `` \u00e0 la carte``<\/h5><p class=\"icon-description\">Fa\u00eetes votre choix<\/p><\/div><\/div>[\/vc_column][vc_column width=\u00a0\u00bb1\/4&Prime;]<div class=\"btn-holder btn-align-left\"><a href=\"http:\/\/www.laligue85.org\/fra\/hebergements-groupes\/2019\/02\/11\/la-restauration-en-seminaire\/\" title=\"\" class=\"btn btn-regular btn-solid  btn-accent btn-hover-dark\" target=\"\">En savoir plus<\/a><\/div>[\/vc_column][\/vc_row][vc_row parallax=\u00a0\u00bbcontent-moving\u00a0\u00bb parallax_image=\u00a0\u00bb8911&Prime; bg_overlay=\u00a0\u00bbdark40&Prime; css=\u00a0\u00bb.vc_custom_1550678661514{padding-top: 220px !important;padding-bottom: 220px !important;background-image: url(http:\/\/www.laligue85.org\/fra\/hebergements-groupes\/wp-content\/uploads\/sites\/5\/2019\/02\/noirmoutier-voile.jpg?id=8911) !important;}\u00a0\u00bb][vc_column][vc_custom_heading text=\u00a0\u00bbSports, jeu de piste, d\u00e9fis culinaires&#8230;\u00a0\u00bb font_container=\u00a0\u00bbtag:h5|font_size:18px|text_align:center|color:rgba(255%2C255%2C255%2C0.8)\u00a0\u00bb google_fonts=\u00a0\u00bbfont_family:Open%20Sans%3A300%2C300italic%2Cregular%2Citalic%2C600%2C600italic%2C700%2C700italic%2C800%2C800italic|font_style:600%20bold%20regular%3A600%3Anormal\u00a0\u00bb css=\u00a0\u00bb.vc_custom_1549448931569{margin-bottom: 16px !important;}\u00a0\u00bb][vc_custom_heading text=\u00a0\u00bbNos id\u00e9es de s\u00e9jours et d&rsquo;activit\u00e9s\u00a0\u00bb font_container=\u00a0\u00bbtag:h1|font_size:66px|text_align:center|color:%23ffffff\u00a0\u00bb google_fonts=\u00a0\u00bbfont_family:Open%20Sans%3A300%2C300italic%2Cregular%2Citalic%2C600%2C600italic%2C700%2C700italic%2C800%2C800italic|font_style:700%20bold%20regular%3A700%3Anormal\u00a0\u00bb]<div class=\"btn-holder btn-align-center\"><a href=\"http:\/\/www.laligue85.org\/fra\/hebergements-groupes\/2019\/02\/11\/les-activites\/\" title=\"\" class=\"btn btn-regular btn-circle btn-solid  btn-accent btn-hover-white\" target=\"\">D\u00e9couvrir nos activit\u00e9s<\/a><\/div>[\/vc_column][\/vc_row][vc_row equal_height=\u00a0\u00bbyes\u00a0\u00bb content_placement=\u00a0\u00bbmiddle\u00a0\u00bb bg_color_pre=\u00a0\u00bbbg-color-1&Prime; css=\u00a0\u00bb.vc_custom_1494860929308{padding-top: 90px !important;padding-bottom: 60px !important;background-position: center !important;background-repeat: no-repeat !important;background-size: cover !important;}\u00a0\u00bb][vc_column width=\u00a0\u00bb1\/2&Prime; col_padding=\u00a0\u00bb2&Prime; col_padding_side=\u00a0\u00bbright\u00a0\u00bb css=\u00a0\u00bb.vc_custom_1494861025506{padding-top: 0px !important;}\u00a0\u00bb][vc_gmaps link=\u00a0\u00bb#E-8_JTNDaWZyYW1lJTIwc3JjJTNEJTIyaHR0cHMlM0ElMkYlMkZ3d3cuZ29vZ2xlLmNvbSUyRm1hcHMlMkZlbWJlZCUzRnBiJTNEJTIxMW0xOCUyMTFtMTIlMjExbTMlMjExZDI3MjAuNDI1NTc0NTQwODE5JTIxMmQtMi4yMzQxMjAxODQzOTAwMjQlMjEzZDQ3LjAxMjI1MDg3OTE0OTcxJTIxMm0zJTIxMWYwJTIxMmYwJTIxM2YwJTIxM20yJTIxMWkxMDI0JTIxMmk3NjglMjE0ZjEzLjElMjEzbTMlMjExbTIlMjExczB4NDgwNTE2YzQyYTZlMzMwOSUyNTNBMHhhODExZWM2MGI3NTRjMWQzJTIxMnNDZW50cmUlMkJkJTI2JTIzMzklM0JoJTI1QzMlMjVBOWJlcmdlbWVudCUyQkxlcyUyQkx1dGlucyUyMTVlMCUyMTNtMiUyMTFzZnIlMjEyc2ZyJTIxNHYxNTQ5OTAyMDczNDI0JTIyJTIwd2lkdGglM0QlMjI2MDAlMjIlMjBoZWlnaHQlM0QlMjI0NTAlMjIlMjBmcmFtZWJvcmRlciUzRCUyMjAlMjIlMjBzdHlsZSUzRCUyMmJvcmRlciUzQTAlMjIlMjBhbGxvd2Z1bGxzY3JlZW4lM0UlM0MlMkZpZnJhbWUlM0U=\u00a0\u00bb][\/vc_column][vc_column width=\u00a0\u00bb1\/2&Prime; col_padding=\u00a0\u00bb2&Prime; col_padding_side=\u00a0\u00bbleft\u00a0\u00bb css=\u00a0\u00bb.vc_custom_1494861039724{padding-top: 20px !important;}\u00a0\u00bb][vc_column_text css=\u00a0\u00bb.vc_custom_1549902344957{margin-bottom: 25px !important;}\u00a0\u00bb]<\/p>\n<h3>Besoin d&rsquo;informations compl\u00e9mentaires ?<\/h3>\n<p>41 rue Monge \u2013 BP 23 85001 La Roche-sur-Yon Cedex<\/p>\n<p>02 51 36 45 87<\/p>\n<p><a href=\"http:\/\/www.laligue85.org\/fra\/hebergements-groupes\/2019\/02\/06\/infos-pratiques\/\">Email<\/a>[\/vc_column_text][\/vc_column][\/vc_row]<\/p>\n","protected":false},"excerpt":{"rendered":"<p>[vc_row equal_height=\u00a0\u00bbyes\u00a0\u00bb content_placement=\u00a0\u00bbmiddle\u00a0\u00bb css=\u00a0\u00bb.vc_custom_1493822260304{padding-top: 90px !important;padding-bottom: 90px !important;}\u00a0\u00bb][vc_column width=\u00a0\u00bb1\/2&Prime; col_padding=\u00a0\u00bb2&Prime; col_padding_side=\u00a0\u00bbright\u00a0\u00bb][vc_single_image image=\u00a0\u00bb8907&Prime; img_size=\u00a0\u00bb700&#215;600&Prime; css_animation=\u00a0\u00bbnone\u00a0\u00bb css=\u00a0\u00bb.vc_custom_1549387216246{margin-bottom: 0px !important;}\u00a0\u00bb][\/vc_column][vc_column width=\u00a0\u00bb1\/2&Prime; col_padding=\u00a0\u00bb2&Prime; col_padding_side=\u00a0\u00bbleft\u00a0\u00bb][vc_column_text] Le centre Les Lutins Espace id\u00e9al et adapt\u00e9 aux s\u00e9minaires et r\u00e9unions d&rsquo;entreprises ou associatives, le centre \u00ab\u00a0Les lutins\u00a0\u00bb dispose, en plus de ses chambres,\u00a0 de plusieurs salles modulables ainsi [&hellip;]<\/p>\n","protected":false},"author":2,"featured_media":0,"parent":0,"menu_order":0,"comment_status":"closed","ping_status":"closed","template":"","meta":{"jetpack_post_was_ever_published":false,"footnotes":""},"class_list":["post-7834","page","type-page","status-publish","hentry"],"yoast_head":"<!-- This site is optimized with the Yoast SEO plugin v20.0 - https:\/\/yoast.com\/wordpress\/plugins\/seo\/ -->\n<title>S\u00e9minaires et formations - Hebergements-groupes<\/title>\n<meta name=\"description\" content=\"Face \u00e0 la mer \u00e0 Saint Hilaire de Riez notre centre accueille vos classes de d\u00e9couvertes pour des s\u00e9jours nautiques,milieu marin.Les pieds dans l&#039;eau\" \/>\n<meta name=\"robots\" content=\"index, follow, max-snippet:-1, max-image-preview:large, max-video-preview:-1\" \/>\n<link rel=\"canonical\" href=\"http:\/\/www.laligue85.org\/fra\/hebergements-groupes\/seminaire\/\" \/>\n<meta property=\"og:locale\" content=\"fr_FR\" \/>\n<meta property=\"og:type\" content=\"article\" \/>\n<meta property=\"og:title\" content=\"S\u00e9minaires et formations - Hebergements-groupes\" \/>\n<meta property=\"og:description\" content=\"Face \u00e0 la mer \u00e0 Saint Hilaire de Riez notre centre accueille vos classes de d\u00e9couvertes pour des s\u00e9jours nautiques,milieu marin.Les pieds dans l&#039;eau\" \/>\n<meta property=\"og:url\" content=\"http:\/\/www.laligue85.org\/fra\/hebergements-groupes\/seminaire\/\" \/>\n<meta property=\"og:site_name\" content=\"Hebergements-groupes\" \/>\n<meta property=\"article:modified_time\" content=\"2019-03-27T15:15:27+00:00\" \/>\n<meta name=\"twitter:card\" content=\"summary_large_image\" \/>\n<meta name=\"twitter:label1\" content=\"Dur\u00e9e de lecture estim\u00e9e\" \/>\n\t<meta name=\"twitter:data1\" content=\"4 minutes\" \/>\n<script type=\"application\/ld+json\" class=\"yoast-schema-graph\">{\"@context\":\"https:\/\/schema.org\",\"@graph\":[{\"@type\":\"WebPage\",\"@id\":\"http:\/\/www.laligue85.org\/fra\/hebergements-groupes\/seminaire\/\",\"url\":\"http:\/\/www.laligue85.org\/fra\/hebergements-groupes\/seminaire\/\",\"name\":\"S\u00e9minaires et formations - Hebergements-groupes\",\"isPartOf\":{\"@id\":\"http:\/\/www.laligue85.org\/fra\/hebergements-groupes\/#website\"},\"datePublished\":\"2018-08-09T13:12:51+00:00\",\"dateModified\":\"2019-03-27T15:15:27+00:00\",\"description\":\"Face \u00e0 la mer \u00e0 Saint Hilaire de Riez notre centre accueille vos classes de d\u00e9couvertes pour des s\u00e9jours nautiques,milieu marin.Les pieds dans l'eau\",\"breadcrumb\":{\"@id\":\"http:\/\/www.laligue85.org\/fra\/hebergements-groupes\/seminaire\/#breadcrumb\"},\"inLanguage\":\"fr-FR\",\"potentialAction\":[{\"@type\":\"ReadAction\",\"target\":[\"http:\/\/www.laligue85.org\/fra\/hebergements-groupes\/seminaire\/\"]}]},{\"@type\":\"BreadcrumbList\",\"@id\":\"http:\/\/www.laligue85.org\/fra\/hebergements-groupes\/seminaire\/#breadcrumb\",\"itemListElement\":[{\"@type\":\"ListItem\",\"position\":1,\"name\":\"Accueil\",\"item\":\"http:\/\/www.laligue85.org\/fra\/hebergements-groupes\/\"},{\"@type\":\"ListItem\",\"position\":2,\"name\":\"S\u00e9minaires et formations\"}]},{\"@type\":\"WebSite\",\"@id\":\"http:\/\/www.laligue85.org\/fra\/hebergements-groupes\/#website\",\"url\":\"http:\/\/www.laligue85.org\/fra\/hebergements-groupes\/\",\"name\":\"Hebergements-groupes\",\"description\":\"S\u00e9jours groupes, s\u00e9minaires et h\u00e9bergements sur l&#039;\u00eele de Noimoutier\",\"potentialAction\":[{\"@type\":\"SearchAction\",\"target\":{\"@type\":\"EntryPoint\",\"urlTemplate\":\"http:\/\/www.laligue85.org\/fra\/hebergements-groupes\/?s={search_term_string}\"},\"query-input\":\"required name=search_term_string\"}],\"inLanguage\":\"fr-FR\"}]}<\/script>\n<!-- \/ Yoast SEO plugin. -->","yoast_head_json":{"title":"S\u00e9minaires et formations - Hebergements-groupes","description":"Face \u00e0 la mer \u00e0 Saint Hilaire de Riez notre centre accueille vos classes de d\u00e9couvertes pour des s\u00e9jours nautiques,milieu marin.Les pieds dans l'eau","robots":{"index":"index","follow":"follow","max-snippet":"max-snippet:-1","max-image-preview":"max-image-preview:large","max-video-preview":"max-video-preview:-1"},"canonical":"http:\/\/www.laligue85.org\/fra\/hebergements-groupes\/seminaire\/","og_locale":"fr_FR","og_type":"article","og_title":"S\u00e9minaires et formations - Hebergements-groupes","og_description":"Face \u00e0 la mer \u00e0 Saint Hilaire de Riez notre centre accueille vos classes de d\u00e9couvertes pour des s\u00e9jours nautiques,milieu marin.Les pieds dans l'eau","og_url":"http:\/\/www.laligue85.org\/fra\/hebergements-groupes\/seminaire\/","og_site_name":"Hebergements-groupes","article_modified_time":"2019-03-27T15:15:27+00:00","twitter_card":"summary_large_image","twitter_misc":{"Dur\u00e9e de lecture estim\u00e9e":"4 minutes"},"schema":{"@context":"https:\/\/schema.org","@graph":[{"@type":"WebPage","@id":"http:\/\/www.laligue85.org\/fra\/hebergements-groupes\/seminaire\/","url":"http:\/\/www.laligue85.org\/fra\/hebergements-groupes\/seminaire\/","name":"S\u00e9minaires et formations - Hebergements-groupes","isPartOf":{"@id":"http:\/\/www.laligue85.org\/fra\/hebergements-groupes\/#website"},"datePublished":"2018-08-09T13:12:51+00:00","dateModified":"2019-03-27T15:15:27+00:00","description":"Face \u00e0 la mer \u00e0 Saint Hilaire de Riez notre centre accueille vos classes de d\u00e9couvertes pour des s\u00e9jours nautiques,milieu marin.Les pieds dans l'eau","breadcrumb":{"@id":"http:\/\/www.laligue85.org\/fra\/hebergements-groupes\/seminaire\/#breadcrumb"},"inLanguage":"fr-FR","potentialAction":[{"@type":"ReadAction","target":["http:\/\/www.laligue85.org\/fra\/hebergements-groupes\/seminaire\/"]}]},{"@type":"BreadcrumbList","@id":"http:\/\/www.laligue85.org\/fra\/hebergements-groupes\/seminaire\/#breadcrumb","itemListElement":[{"@type":"ListItem","position":1,"name":"Accueil","item":"http:\/\/www.laligue85.org\/fra\/hebergements-groupes\/"},{"@type":"ListItem","position":2,"name":"S\u00e9minaires et formations"}]},{"@type":"WebSite","@id":"http:\/\/www.laligue85.org\/fra\/hebergements-groupes\/#website","url":"http:\/\/www.laligue85.org\/fra\/hebergements-groupes\/","name":"Hebergements-groupes","description":"S\u00e9jours groupes, s\u00e9minaires et h\u00e9bergements sur l&#039;\u00eele de Noimoutier","potentialAction":[{"@type":"SearchAction","target":{"@type":"EntryPoint","urlTemplate":"http:\/\/www.laligue85.org\/fra\/hebergements-groupes\/?s={search_term_string}"},"query-input":"required name=search_term_string"}],"inLanguage":"fr-FR"}]}},"jetpack_sharing_enabled":true,"jetpack_shortlink":"https:\/\/wp.me\/PaIbRJ-22m","jetpack-related-posts":[{"id":7029,"url":"http:\/\/www.laligue85.org\/fra\/hebergements-groupes\/hebergements\/","url_meta":{"origin":7834,"position":0},"title":"Nos h\u00e9bergements","date":"5 juillet 2017","format":false,"excerpt":"[vc_row][vc_column][vc_column_text] Nos h\u00e9bergements [\/vc_column_text][vc_column_text] Nos h\u00e9bergements [\/vc_column_text][\/vc_column][\/vc_row][vc_row equal_height=\"yes\" content_placement=\"middle\" css=\".vc_custom_1494845225544{padding-top: 90px !important;padding-bottom: 90px !important;}\"][vc_column width=\"1\/2\" col_padding=\"1\" col_padding_side=\"left\"][vc_single_image image=\"8894\" img_size=\"700x600\" css_animation=\"none\" css=\".vc_custom_1553269248954{margin-bottom: 0px !important;}\"][\/vc_column][vc_column width=\"1\/2\" col_padding=\"1\" col_padding_side=\"right\"][vc_icon type=\"linecons\" icon_linecons=\"vc_li vc_li-location\" align=\"center\" css=\".vc_custom_1553268963985{margin-bottom: 15px !important;}\"][vc_custom_heading text=\"Les Lutins - Ile de Noirmoutier\" font_container=\"tag:h3|font_size:28px|text_align:center\" google_fonts=\"font_family:Open%20Sans%3A300%2C300italic%2Cregular%2Citalic%2C600%2C600italic%2C700%2C700italic%2C800%2C800italic|font_style:400%20regular%3A400%3Anormal\"][vc_column_text] Le centre est situ\u00e9 sur le charmant village du\u2026","rel":"","context":"Article similaire","img":{"alt_text":"","src":"","width":0,"height":0},"classes":[]},{"id":7823,"url":"http:\/\/www.laligue85.org\/fra\/hebergements-groupes\/groupes\/","url_meta":{"origin":7834,"position":1},"title":"S\u00e9jours de groupes","date":"9 ao\u00fbt 2018","format":false,"excerpt":"[vc_row equal_height=\"yes\" content_placement=\"middle\" bg_color_pre=\"bg-color-1\" css=\".vc_custom_1494860929308{padding-top: 90px !important;padding-bottom: 60px !important;background-position: center !important;background-repeat: no-repeat !important;background-size: cover !important;}\"][vc_column width=\"1\/2\" col_padding=\"2\" col_padding_side=\"right\" css=\".vc_custom_1494861025506{padding-top: 0px !important;}\"][vc_single_image image=\"8894\" img_size=\"700x660\"][\/vc_column][vc_column width=\"1\/2\" col_padding=\"2\" col_padding_side=\"left\" css=\".vc_custom_1494861039724{padding-top: 20px !important;}\"][vc_column_text css=\".vc_custom_1549381795182{margin-bottom: 25px !important;}\"] Nos h\u00e9bergements [\/vc_column_text][\/vc_column][\/vc_row][vc_row css=\".vc_custom_1494849953524{padding-top: 90px !important;padding-bottom: 50px !important;}\"][vc_column][vc_row_inner equal_height=\"yes\" content_placement=\"middle\" css=\".vc_custom_1494851068829{margin-bottom: 40px !important;}\"][vc_column_inner width=\"5\/12\" css=\".vc_custom_1494849694618{padding-left: 5% !important;}\"][vc_column_text css=\".vc_custom_1549382560422{margin-bottom:\u2026","rel":"","context":"Article similaire","img":{"alt_text":"","src":"","width":0,"height":0},"classes":[]},{"id":2,"url":"http:\/\/www.laligue85.org\/fra\/hebergements-groupes\/","url_meta":{"origin":7834,"position":2},"title":"Page d\u2019exemple","date":"23 janvier 2019","format":false,"excerpt":"[vc_row][vc_column][vc_column_text] [\/vc_column_text][\/vc_column][\/vc_row][vc_row][vc_column][\/vc_column][\/vc_row][vc_row css=\".vc_custom_1493821714807{padding-top: 75px !important;padding-bottom: 20px !important;}\"][vc_column][vc_row_inner css=\".vc_custom_1493821700763{padding-top: 10px !important;padding-bottom: 30px !important;}\"][vc_column_inner width=\"1\/4\"][\/vc_column_inner][vc_column_inner width=\"1\/4\"][\/vc_column_inner][vc_column_inner width=\"1\/4\"][\/vc_column_inner][vc_column_inner width=\"1\/4\"][\/vc_column_inner][\/vc_row_inner][\/vc_column][\/vc_row][vc_row][vc_column][\/vc_column][\/vc_row][vc_row bg_color_pre=\"bg-color-1\" css=\".vc_custom_1493990837872{padding-top: 30px !important;padding-bottom: 5px !important;}\"][vc_column][\/vc_column][\/vc_row][vc_row][vc_column][vc_media_grid style=\"load-more\" items_per_page=\"12\" element_width=\"2\" btn_color=\"default\" grid_id=\"vc_gid:1549968315912-010cf468-484c-7\" include=\"9053,9036,9004,8940,8917,8916,8911,8894,8896,8897,8898,8899\"][\/vc_column][\/vc_row]","rel":"","context":"Article similaire","img":{"alt_text":"","src":"","width":0,"height":0},"classes":[]}],"_links":{"self":[{"href":"http:\/\/www.laligue85.org\/fra\/hebergements-groupes\/wp-json\/wp\/v2\/pages\/7834","targetHints":{"allow":["GET"]}}],"collection":[{"href":"http:\/\/www.laligue85.org\/fra\/hebergements-groupes\/wp-json\/wp\/v2\/pages"}],"about":[{"href":"http:\/\/www.laligue85.org\/fra\/hebergements-groupes\/wp-json\/wp\/v2\/types\/page"}],"author":[{"embeddable":true,"href":"http:\/\/www.laligue85.org\/fra\/hebergements-groupes\/wp-json\/wp\/v2\/users\/2"}],"replies":[{"embeddable":true,"href":"http:\/\/www.laligue85.org\/fra\/hebergements-groupes\/wp-json\/wp\/v2\/comments?post=7834"}],"version-history":[{"count":16,"href":"http:\/\/www.laligue85.org\/fra\/hebergements-groupes\/wp-json\/wp\/v2\/pages\/7834\/revisions"}],"predecessor-version":[{"id":9206,"href":"http:\/\/www.laligue85.org\/fra\/hebergements-groupes\/wp-json\/wp\/v2\/pages\/7834\/revisions\/9206"}],"wp:attachment":[{"href":"http:\/\/www.laligue85.org\/fra\/hebergements-groupes\/wp-json\/wp\/v2\/media?parent=7834"}],"curies":[{"name":"wp","href":"https:\/\/api.w.org\/{rel}","templated":true}]}}