{"id":11408,"date":"2021-09-09T22:08:05","date_gmt":"2021-09-09T20:08:05","guid":{"rendered":"http:\/\/www.laligue85.org\/fra\/?page_id=11408"},"modified":"2025-09-04T10:07:26","modified_gmt":"2025-09-04T08:07:26","slug":"des-clics-et-des-livres","status":"publish","type":"page","link":"http:\/\/www.laligue85.org\/fra\/des-clics-et-des-livres\/","title":{"rendered":"Des clics et des livres"},"content":{"rendered":"<p>[vc_row][vc_column][vc_single_image image=\u00a0\u00bb14928&Prime;][\/vc_column][\/vc_row][vc_row][vc_column width=\u00a0\u00bb1\/3&Prime;][vc_single_image image=\u00a0\u00bb14211&Prime; img_size=\u00a0\u00bbmedium\u00a0\u00bb][vc_column_text]<\/p>\n<h5>Jeudi 9 octobre 2025 &#8211; 41 rue Monge La Roche-sur-Yon<\/h5>\n<p>Journ\u00e9e professionnelle \u00e0 destination des biblioth\u00e9caires et animateurs \u00ab\u00a0<span class=\"OYPEnA font-feature-liga-off font-feature-clig-off font-feature-calt-off text-decoration-none text-strikethrough-none\">La diversit\u00e9 en litt\u00e9rature jeunesse :<\/span> <span class=\"OYPEnA font-feature-liga-off font-feature-clig-off font-feature-calt-off text-decoration-none text-strikethrough-none\">Quelles repr\u00e9sentations ? Quelles m\u00e9diations ?<\/span>\u00a0\u00bb<\/p>\n<p>Au programme :<\/p>\n<ul>\n<li>Une table ronde<\/li>\n<li>Un forum de partage d&rsquo;exp\u00e9riences <span class=\"OYPEnA font-feature-liga-off font-feature-clig-off font-feature-calt-off text-decoration-none text-strikethrough-none\">qui se veut un espace de mise en r\u00e9seau et de circulation des id\u00e9es et des outils. D\u00e9ambulez et allez \u00e0 la rencontre des diff\u00e9rentes structures.<\/span><\/li>\n<li>Des ateliers de pratique et de construction collective : fanzine, kamishiba\u00ef plurilingue, aiguiser son esprit aux st\u00e9r\u00e9otypes, penser l&rsquo;accueil des publics<\/li>\n<li>Une formation d&rsquo;une journ\u00e9e \u00ab\u00a0Interroger les repr\u00e9sentations en litt\u00e9rature de jeunesse. Se positionner en tant que m\u00e9diateur\u00a0\u00bb<\/li>\n<\/ul>\n<p>[\/vc_column_text][vc_btn title=\u00a0\u00bbLire la suite\u00a0\u00bb color=\u00a0\u00bbwarning\u00a0\u00bb link=\u00a0\u00bburl:https%3A%2F%2Fwww.laligue85.org%2Ffra%2Fblog%2F2021%2F09%2F24%2Fdes-clics-et-des-livres-journee-pro%2F|||\u00a0\u00bb][\/vc_column][vc_column width=\u00a0\u00bb1\/3&Prime;][vc_single_image image=\u00a0\u00bb14212&Prime; img_size=\u00a0\u00bbmedium\u00a0\u00bb][vc_column_text]<\/p>\n<h5>Jeudi 23 et vendredi 24 octobre 2025 &#8211; Dompierre-sur-Yon<\/h5>\n<p>Choisissez l&rsquo;intervention qui correspond aux attentes et aux projets de votre structure ! Au programme : des ateliers sur la litt\u00e9rature jeunesse, d&rsquo;autres autour de la citoyennet\u00e9, de l&rsquo;environnement et du d\u00e9veloppement durable ou encore un atelier num\u00e9rique ![\/vc_column_text][vc_btn title=\u00a0\u00bbProgramme 2025&Prime; color=\u00a0\u00bbwarning\u00a0\u00bb link=\u00a0\u00bburl:https%3A%2F%2Fwww.laligue85.org%2Ffra%2Fblog%2F2021%2F09%2F16%2Fdes-clics-et-des-livres-programme-structures-de-loisirs%2F|||\u00a0\u00bb][\/vc_column][vc_column width=\u00a0\u00bb1\/3&Prime;][vc_single_image image=\u00a0\u00bb14213&Prime; img_size=\u00a0\u00bbmedium\u00a0\u00bb][vc_column_text]<\/p>\n<h5>Samedi 25 octobre 2025 &#8211; Dompierre-sur-Yon<\/h5>\n<p>Retrouvez des ateliers \u00e0 partager en famille avec des autrices et illustratrices jeunesse, du num\u00e9rique avec de la robotique, du stop motion et de la r\u00e9alit\u00e9 virtuelle mais aussi des animations environnementales et citoyennes.<\/p>\n<p>Un espace ado, un coin lecture, une librairie ainsi qu&rsquo;un spectacle de fin de journ\u00e9e vous seront propos\u00e9s. Sans oublier l&rsquo;espace des tout-petits en matin\u00e9e avec lectures et spectacle d\u00e8s 6 mois.[\/vc_column_text][vc_btn title=\u00a0\u00bbProgramme 2025&Prime; color=\u00a0\u00bbwarning\u00a0\u00bb link=\u00a0\u00bburl:http%3A%2F%2Fwww.laligue85.org%2Ffra%2Fblog%2F2021%2F09%2F24%2Fdes-clics-et-des-livres-programmation-famille%2F|||\u00a0\u00bb][\/vc_column][\/vc_row][vc_row bg_color_pre=\u00a0\u00bbbg-color-1&Prime; css=\u00a0\u00bb.vc_custom_1493990837872{padding-top: 30px !important;padding-bottom: 5px !important;}\u00a0\u00bb][vc_column]<div class=\"vntd-client-logos-holder vntd-carousel-holder\"><div class=\"vntd-client-logos client-logos-carousel vntd-carousel owl-carousel logos-height-regular\" data-cols=\"7\" data-dots=\"false\" data-cols-tablet=\"3\" data-cols-mobile=\"2\">\t\t\t<div class=\"client-logo\">\n\t\t\t\t<!-- Logo Link -->\n\t\t\t\t<a >\n\t\t\t\t\t<!-- Logo Image SRC -->\n\t\t\t\t\t<img decoding=\"async\" src=\"http:\/\/www.laligue85.org\/fra\/wp-content\/uploads\/2024\/09\/logo-drac-scaled.jpeg\" alt>\n\t\t\t\t<\/a>\n\t\t\t<\/div>\t\t\t\n\t\t\t\t\t\t<div class=\"client-logo\">\n\t\t\t\t<!-- Logo Link -->\n\t\t\t\t<a >\n\t\t\t\t\t<!-- Logo Image SRC -->\n\t\t\t\t\t<img decoding=\"async\" src=\"http:\/\/www.laligue85.org\/fra\/wp-content\/uploads\/2024\/09\/logo-venansault.png\" alt>\n\t\t\t\t<\/a>\n\t\t\t<\/div>\t\t\t\n\t\t\t\t\t\t<div class=\"client-logo\">\n\t\t\t\t<!-- Logo Link -->\n\t\t\t\t<a >\n\t\t\t\t\t<!-- Logo Image SRC -->\n\t\t\t\t\t<img decoding=\"async\" src=\"http:\/\/www.laligue85.org\/fra\/wp-content\/uploads\/2023\/09\/2560px-Mutualite_sociale_agricole_logo.svg_.png\" alt>\n\t\t\t\t<\/a>\n\t\t\t<\/div>\t\t\t\n\t\t\t\t\t\t<div class=\"client-logo\">\n\t\t\t\t<!-- Logo Link -->\n\t\t\t\t<a >\n\t\t\t\t\t<!-- Logo Image SRC -->\n\t\t\t\t\t<img decoding=\"async\" src=\"http:\/\/www.laligue85.org\/fra\/wp-content\/uploads\/2023\/09\/Vendee-quad.jpg\" alt>\n\t\t\t\t<\/a>\n\t\t\t<\/div>\t\t\t\n\t\t\t\t\t\t<div class=\"client-logo\">\n\t\t\t\t<!-- Logo Link -->\n\t\t\t\t<a >\n\t\t\t\t\t<!-- Logo Image SRC -->\n\t\t\t\t\t<img decoding=\"async\" src=\"http:\/\/www.laligue85.org\/fra\/wp-content\/uploads\/2023\/09\/pref_region_pays_de_la_loire_1.png\" alt>\n\t\t\t\t<\/a>\n\t\t\t<\/div>\t\t\t\n\t\t\t\t\t\t<div class=\"client-logo\">\n\t\t\t\t<!-- Logo Link -->\n\t\t\t\t<a >\n\t\t\t\t\t<!-- Logo Image SRC -->\n\t\t\t\t\t<img decoding=\"async\" src=\"http:\/\/www.laligue85.org\/fra\/wp-content\/uploads\/2023\/09\/85000.jpg\" alt>\n\t\t\t\t<\/a>\n\t\t\t<\/div>\t\t\t\n\t\t\t<\/div><\/div>[\/vc_column][\/vc_row]<\/p>\n","protected":false},"excerpt":{"rendered":"<p>[vc_row][vc_column][vc_single_image image=\u00a0\u00bb14928&Prime;][\/vc_column][\/vc_row][vc_row][vc_column width=\u00a0\u00bb1\/3&Prime;][vc_single_image image=\u00a0\u00bb14211&Prime; img_size=\u00a0\u00bbmedium\u00a0\u00bb][vc_column_text] Jeudi 9 octobre 2025 &#8211; 41 rue Monge La Roche-sur-Yon Journ\u00e9e professionnelle \u00e0 destination des biblioth\u00e9caires et animateurs \u00ab\u00a0La diversit\u00e9 en litt\u00e9rature jeunesse : Quelles repr\u00e9sentations ? Quelles m\u00e9diations ?\u00a0\u00bb Au programme : Une table ronde Un forum de partage d&rsquo;exp\u00e9riences qui se veut un [&hellip;]<\/p>\n","protected":false},"author":2,"featured_media":0,"parent":0,"menu_order":0,"comment_status":"closed","ping_status":"closed","template":"","meta":{"jetpack_post_was_ever_published":false,"footnotes":""},"class_list":["post-11408","page","type-page","status-publish","hentry"],"yoast_head":"<!-- This site is optimized with the Yoast SEO plugin v20.0 - https:\/\/yoast.com\/wordpress\/plugins\/seo\/ -->\n<title>Des clics et des livres - La Ligue de l&#039;Enseignement de Vend\u00e9e<\/title>\n<meta name=\"robots\" content=\"index, follow, max-snippet:-1, max-image-preview:large, max-video-preview:-1\" \/>\n<link rel=\"canonical\" href=\"http:\/\/www.laligue85.org\/fra\/des-clics-et-des-livres\/\" \/>\n<meta property=\"og:locale\" content=\"fr_FR\" \/>\n<meta property=\"og:type\" content=\"article\" \/>\n<meta property=\"og:title\" content=\"Des clics et des livres - La Ligue de l&#039;Enseignement de Vend\u00e9e\" \/>\n<meta property=\"og:description\" content=\"[vc_row][vc_column][vc_single_image image=\u00a0\u00bb14928&Prime;][\/vc_column][\/vc_row][vc_row][vc_column width=\u00a0\u00bb1\/3&Prime;][vc_single_image image=\u00a0\u00bb14211&Prime; img_size=\u00a0\u00bbmedium\u00a0\u00bb][vc_column_text] Jeudi 9 octobre 2025 &#8211; 41 rue Monge La Roche-sur-Yon Journ\u00e9e professionnelle \u00e0 destination des biblioth\u00e9caires et animateurs \u00ab\u00a0La diversit\u00e9 en litt\u00e9rature jeunesse : Quelles repr\u00e9sentations ? Quelles m\u00e9diations ?\u00a0\u00bb Au programme : Une table ronde Un forum de partage d&rsquo;exp\u00e9riences qui se veut un [&hellip;]\" \/>\n<meta property=\"og:url\" content=\"http:\/\/www.laligue85.org\/fra\/des-clics-et-des-livres\/\" \/>\n<meta property=\"og:site_name\" content=\"La Ligue de l&#039;Enseignement de Vend\u00e9e\" \/>\n<meta property=\"article:modified_time\" content=\"2025-09-04T08:07:26+00:00\" \/>\n<meta name=\"twitter:card\" content=\"summary_large_image\" \/>\n<meta name=\"twitter:label1\" content=\"Dur\u00e9e de lecture estim\u00e9e\" \/>\n\t<meta name=\"twitter:data1\" content=\"2 minutes\" \/>\n<script type=\"application\/ld+json\" class=\"yoast-schema-graph\">{\"@context\":\"https:\/\/schema.org\",\"@graph\":[{\"@type\":\"WebPage\",\"@id\":\"http:\/\/www.laligue85.org\/fra\/des-clics-et-des-livres\/\",\"url\":\"http:\/\/www.laligue85.org\/fra\/des-clics-et-des-livres\/\",\"name\":\"Des clics et des livres - La Ligue de l&#039;Enseignement de Vend\u00e9e\",\"isPartOf\":{\"@id\":\"https:\/\/www.laligue85.org\/fra\/#website\"},\"datePublished\":\"2021-09-09T20:08:05+00:00\",\"dateModified\":\"2025-09-04T08:07:26+00:00\",\"breadcrumb\":{\"@id\":\"http:\/\/www.laligue85.org\/fra\/des-clics-et-des-livres\/#breadcrumb\"},\"inLanguage\":\"fr-FR\",\"potentialAction\":[{\"@type\":\"ReadAction\",\"target\":[\"http:\/\/www.laligue85.org\/fra\/des-clics-et-des-livres\/\"]}]},{\"@type\":\"BreadcrumbList\",\"@id\":\"http:\/\/www.laligue85.org\/fra\/des-clics-et-des-livres\/#breadcrumb\",\"itemListElement\":[{\"@type\":\"ListItem\",\"position\":1,\"name\":\"Accueil\",\"item\":\"https:\/\/www.laligue85.org\/fra\/\"},{\"@type\":\"ListItem\",\"position\":2,\"name\":\"Des clics et des livres\"}]},{\"@type\":\"WebSite\",\"@id\":\"https:\/\/www.laligue85.org\/fra\/#website\",\"url\":\"https:\/\/www.laligue85.org\/fra\/\",\"name\":\"La Ligue de l&#039;Enseignement de Vend\u00e9e\",\"description\":\"F\u00e9d\u00e9ration d&#039;\u00e9ducation populaire\",\"potentialAction\":[{\"@type\":\"SearchAction\",\"target\":{\"@type\":\"EntryPoint\",\"urlTemplate\":\"https:\/\/www.laligue85.org\/fra\/?s={search_term_string}\"},\"query-input\":\"required name=search_term_string\"}],\"inLanguage\":\"fr-FR\"}]}<\/script>\n<!-- \/ Yoast SEO plugin. -->","yoast_head_json":{"title":"Des clics et des livres - La Ligue de l&#039;Enseignement de Vend\u00e9e","robots":{"index":"index","follow":"follow","max-snippet":"max-snippet:-1","max-image-preview":"max-image-preview:large","max-video-preview":"max-video-preview:-1"},"canonical":"http:\/\/www.laligue85.org\/fra\/des-clics-et-des-livres\/","og_locale":"fr_FR","og_type":"article","og_title":"Des clics et des livres - La Ligue de l&#039;Enseignement de Vend\u00e9e","og_description":"[vc_row][vc_column][vc_single_image image=\u00a0\u00bb14928&Prime;][\/vc_column][\/vc_row][vc_row][vc_column width=\u00a0\u00bb1\/3&Prime;][vc_single_image image=\u00a0\u00bb14211&Prime; img_size=\u00a0\u00bbmedium\u00a0\u00bb][vc_column_text] Jeudi 9 octobre 2025 &#8211; 41 rue Monge La Roche-sur-Yon Journ\u00e9e professionnelle \u00e0 destination des biblioth\u00e9caires et animateurs \u00ab\u00a0La diversit\u00e9 en litt\u00e9rature jeunesse : Quelles repr\u00e9sentations ? Quelles m\u00e9diations ?\u00a0\u00bb Au programme : Une table ronde Un forum de partage d&rsquo;exp\u00e9riences qui se veut un [&hellip;]","og_url":"http:\/\/www.laligue85.org\/fra\/des-clics-et-des-livres\/","og_site_name":"La Ligue de l&#039;Enseignement de Vend\u00e9e","article_modified_time":"2025-09-04T08:07:26+00:00","twitter_card":"summary_large_image","twitter_misc":{"Dur\u00e9e de lecture estim\u00e9e":"2 minutes"},"schema":{"@context":"https:\/\/schema.org","@graph":[{"@type":"WebPage","@id":"http:\/\/www.laligue85.org\/fra\/des-clics-et-des-livres\/","url":"http:\/\/www.laligue85.org\/fra\/des-clics-et-des-livres\/","name":"Des clics et des livres - La Ligue de l&#039;Enseignement de Vend\u00e9e","isPartOf":{"@id":"https:\/\/www.laligue85.org\/fra\/#website"},"datePublished":"2021-09-09T20:08:05+00:00","dateModified":"2025-09-04T08:07:26+00:00","breadcrumb":{"@id":"http:\/\/www.laligue85.org\/fra\/des-clics-et-des-livres\/#breadcrumb"},"inLanguage":"fr-FR","potentialAction":[{"@type":"ReadAction","target":["http:\/\/www.laligue85.org\/fra\/des-clics-et-des-livres\/"]}]},{"@type":"BreadcrumbList","@id":"http:\/\/www.laligue85.org\/fra\/des-clics-et-des-livres\/#breadcrumb","itemListElement":[{"@type":"ListItem","position":1,"name":"Accueil","item":"https:\/\/www.laligue85.org\/fra\/"},{"@type":"ListItem","position":2,"name":"Des clics et des livres"}]},{"@type":"WebSite","@id":"https:\/\/www.laligue85.org\/fra\/#website","url":"https:\/\/www.laligue85.org\/fra\/","name":"La Ligue de l&#039;Enseignement de Vend\u00e9e","description":"F\u00e9d\u00e9ration d&#039;\u00e9ducation populaire","potentialAction":[{"@type":"SearchAction","target":{"@type":"EntryPoint","urlTemplate":"https:\/\/www.laligue85.org\/fra\/?s={search_term_string}"},"query-input":"required name=search_term_string"}],"inLanguage":"fr-FR"}]}},"jetpack_shortlink":"https:\/\/wp.me\/P9Chnq-2Y0","_links":{"self":[{"href":"http:\/\/www.laligue85.org\/fra\/wp-json\/wp\/v2\/pages\/11408","targetHints":{"allow":["GET"]}}],"collection":[{"href":"http:\/\/www.laligue85.org\/fra\/wp-json\/wp\/v2\/pages"}],"about":[{"href":"http:\/\/www.laligue85.org\/fra\/wp-json\/wp\/v2\/types\/page"}],"author":[{"embeddable":true,"href":"http:\/\/www.laligue85.org\/fra\/wp-json\/wp\/v2\/users\/2"}],"replies":[{"embeddable":true,"href":"http:\/\/www.laligue85.org\/fra\/wp-json\/wp\/v2\/comments?post=11408"}],"version-history":[{"count":72,"href":"http:\/\/www.laligue85.org\/fra\/wp-json\/wp\/v2\/pages\/11408\/revisions"}],"predecessor-version":[{"id":14935,"href":"http:\/\/www.laligue85.org\/fra\/wp-json\/wp\/v2\/pages\/11408\/revisions\/14935"}],"wp:attachment":[{"href":"http:\/\/www.laligue85.org\/fra\/wp-json\/wp\/v2\/media?parent=11408"}],"curies":[{"name":"wp","href":"https:\/\/api.w.org\/{rel}","templated":true}]}}