{"id":114,"date":"2020-06-16T12:18:23","date_gmt":"2020-06-16T10:18:23","guid":{"rendered":"http:\/\/www.laligue85.org\/fra\/lireetfairelire85\/?page_id=114"},"modified":"2020-12-14T10:48:47","modified_gmt":"2020-12-14T09:48:47","slug":"accueil","status":"publish","type":"page","link":"https:\/\/www.laligue85.org\/fra\/lireetfairelire85\/","title":{"rendered":"ACCUEIL"},"content":{"rendered":"<p>[vc_row][vc_column]<div id=\"hero-slider-53758\" class=\"hero-slider-holder vntd-section veented-slider-holder  fullwidth-section\" style=\"height:700px\"data-nav=\"yes\" data-autoplay=\"true\" data-loop=\"true\">\t\n\t\t<div class=\"veented-slider-loader hero-slider-loader\">\n\t\t\t<div class=\"spinner\">\n\t\t\t  <div class=\"dot1\"><\/div>\n\t\t\t  <div class=\"dot2\"><\/div>\n\t\t\t<\/div>\n\t\t<\/div>\n\t\t\n\t\t<div class=\"hero-slider veented-slider swiper-containers\">\n\t\t\n\t\t\t<div class=\"hero-slider-inner veented-slider-inner swiper-wrapper\">\n\t\t\t\n\t\t\t\t\t\t\n\t\t\t\t<div class=\"swiper-slide hero-slide veented-slide-1 slide-align-center\">\n\t\t\t\t\n\t\t\t\t<div class=\"hero-slide-bg-image veented-slide-bg-image\" style=\"background-image: url('https:\/\/www.laligue85.org\/fra\/lireetfairelire85\/wp-content\/uploads\/sites\/6\/2020\/12\/5fd092ef3d80805de928d278.jpg');\"><div class=\"bg-overlay bg-overlay-dark30\"><\/div><img decoding=\"async\" src=\"https:\/\/www.laligue85.org\/fra\/lireetfairelire85\/wp-content\/uploads\/sites\/6\/2020\/12\/5fd092ef3d80805de928d278.jpg\" alt><\/div>\t\t\t\t\n\t\t\t\t<div class=\"inner\">\n\t\t\t\t\n\t\t\t\t\t<div class=\"hero-slide-inner\">\n\t\t\t\t\t\n\t\t\t\t\t\t<h2 class=\"hero-slide-heading veented-slide-heading\"> Tr\u00e8s belle ann\u00e9e 2021<\/h2>\n\t\t\t\t\t\t\n\t\t\t\t\t\t\t\t\t\t\t<\/div>\n\t\t\t\t\t\n\t\t\t\t<\/div>\n\t\t\t\t\n\t\t\t\t<\/div>\n\t\t\t\t\t\t\t\t\n\t\t\t\t\t\t\n\t\t\t\t<div class=\"swiper-slide hero-slide veented-slide-2 slide-align-center\">\n\t\t\t\t\n\t\t\t\t<div class=\"hero-slide-bg-image veented-slide-bg-image\" style=\"background-image: url('https:\/\/www.laligue85.org\/fra\/lireetfairelire85\/wp-content\/uploads\/sites\/6\/2020\/12\/formation-lfl.png');\"><div class=\"bg-overlay bg-overlay-dark30\"><\/div><img decoding=\"async\" src=\"https:\/\/www.laligue85.org\/fra\/lireetfairelire85\/wp-content\/uploads\/sites\/6\/2020\/12\/formation-lfl.png\" alt><\/div>\t\t\t\t\n\t\t\t\t<div class=\"inner\">\n\t\t\t\t\n\t\t\t\t\t<div class=\"hero-slide-inner\">\n\t\t\t\t\t\n\t\t\t\t\t\t<h2 class=\"hero-slide-heading veented-slide-heading\"> Inscrivez-vous aux formations<\/h2>\n\t\t\t\t\t\t\n\t\t\t\t\t\t\t\t\t\t\t\t\n\t\t\t\t\t\t<p class=\"hero-slide-text veented-slide-subtitle\">Un accompagnement au service des lectures<\/p>\n\t\t\t\t\t\t\n\t\t\t\t\t\t<div class=\"hero-slide-buttons\"><a class=\"btn hero-slider-btn  btn-white btn-hover-white btn-outline\" href=\"http:\/\/www.laligue85.org\/fra\/lireetfairelire85\/formations\/\">D\u00e9couvrir les formations de janvier \u00e0 juin 2021<\/a><\/div>\t\t\t\t\t<\/div>\n\t\t\t\t\t\n\t\t\t\t<\/div>\n\t\t\t\t\n\t\t\t\t<\/div>\n\t\t\t\t\t\t\t\t\n\t\t\t\t\t\t\n\t\t\t\t<div class=\"swiper-slide hero-slide veented-slide-3 slide-align-left\">\n\t\t\t\t\n\t\t\t\t<div class=\"hero-slide-bg-image veented-slide-bg-image\" style=\"background-image: url('https:\/\/www.laligue85.org\/fra\/lireetfairelire85\/wp-content\/uploads\/sites\/6\/2020\/05\/gestion2.png');\"><div class=\"bg-overlay bg-overlay-dark20\"><\/div><img decoding=\"async\" src=\"https:\/\/www.laligue85.org\/fra\/lireetfairelire85\/wp-content\/uploads\/sites\/6\/2020\/05\/gestion2.png\" alt><\/div>\t\t\t\t\n\t\t\t\t<div class=\"inner\">\n\t\t\t\t\n\t\t\t\t\t<div class=\"hero-slide-inner\">\n\t\t\t\t\t\n\t\t\t\t\t\t<h2 class=\"hero-slide-heading veented-slide-heading\"> Qui sont les b\u00e9n\u00e9voles Lire et Faire Lire ?<\/h2>\n\t\t\t\t\t\t\n\t\t\t\t\t\t\t\t\t\t\t\t\n\t\t\t\t\t\t<p class=\"hero-slide-text veented-slide-subtitle\">R\u00e9sultat de la grande enqu\u00eate dans le cadre des 20 ans de l&#039;association<\/p>\n\t\t\t\t\t\t\n\t\t\t\t\t\t<div class=\"hero-slide-buttons\"><a class=\"btn hero-slider-btn  btn-white btn-hover-white btn-outline\" href=\"http:\/\/www.laligue85.org\/fra\/wp-content\/uploads\/2020\/12\/enquete-national-lfl.pdf\">Lire les r\u00e9sultats nationaux<\/a><\/div>\t\t\t\t\t<\/div>\n\t\t\t\t\t\n\t\t\t\t<\/div>\n\t\t\t\t\n\t\t\t\t<\/div>\n\t\t\t\t\t\t\t\t\n\t\t\t    \n\t\t\t\n\t\t\t<\/div>\n\t\t\t\n\t\t\t<!-- Slider Arrows -->\n\t\t\t\n\t\t\t<div class=\"swiper-button-next\"><i class=\"fa fa-angle-right\"><\/i><\/div>\n\t\t\t<div class=\"swiper-button-prev\"><i class=\"fa fa-angle-left\"><\/i><\/div>\n\t\t\n\t\t<\/div>\n\t\n\t\n\t\t\n\t<\/div>\n\t\n\t[\/vc_column][\/vc_row][vc_row][vc_column]<div class=\"blog blog-index posts\"><div class=\"posts-container blog-inner blog-style-classic blog-boxed-border\">\t\t\n\t\t<div class=\"post-holder post-no-media post-565 post type-post status-publish format-standard hentry category-actualites category-formations\">\n\t\t\n\t\t\t\t\t\n\t\t\t<div class=\"post-info\">\n\n                \t\t\t\n\t\t\t\t<h4 class=\"post-title\"><a href=\"https:\/\/www.laligue85.org\/fra\/lireetfairelire85\/2021\/02\/10\/rencontre-avec-emmanuelle-houssais\/\">Rencontre avec Emmanuelle Houssais<\/a><\/h4>\n\t\t\t\t\n\t\t\t\t\t\t\n\t\t<ul class=\"post-meta\">\n\t\t\t<li>\n\t\t\t\tBy \n\t\t\t\t<a class=\"meta-value\" href=\"https:\/\/www.laligue85.org\/fra\/lireetfairelire85\/author\/epiveteau\/\">epiveteau<\/a>\n\t\t\t<\/li>\n\t\t\t<li>\n\t\t\t\ton \n\t\t\t\t<span class=\"meta-value\">10 f\u00e9vrier 2021<\/span>\n\t\t\t<\/li>\n\t\t<\/ul>\n\t\t\n\t\t\t\t\t\t\n\t\t\t\t<div class=\"post-content post-excerpt\">\n\t\t\t\t\t\n\t\t\t\t\t<p>[vc_row][vc_column][vc_empty_space height=\u00a0\u00bb100px\u00a0\u00bb][\/vc_column][\/vc_row][vc_row][vc_column][vc_column_text]Ce jeudi 4 f\u00e9vrier, les b\u00e9n\u00e9voles de Lire et faire lire, avec \u00e0 la participation du P\u00f4le de litt\u00e9rature du Grand R, ont eu de nouveau la chance de rencontrer une illustratrice de livres jeunesses, Emmanuelle Houssais. La...<\/p><a href=\"https:\/\/www.laligue85.org\/fra\/lireetfairelire85\/2021\/02\/10\/rencontre-avec-emmanuelle-houssais\/\" class=\"post-more\">Read more<\/a>\t\t\t\t\t\n\t\t\t\t<\/div>\n\t\t\t\n\t\t\t<\/div>\n\t\t\n\t\t<\/div>\n\t\t\n\t\t\t\t\n\t\t<div class=\"post-holder post-no-media post-516 post type-post status-publish format-standard hentry category-actualites\">\n\t\t\n\t\t\t\t\t\n\t\t\t<div class=\"post-info\">\n\n                \t\t\t\n\t\t\t\t<h4 class=\"post-title\"><a href=\"https:\/\/www.laligue85.org\/fra\/lireetfairelire85\/2021\/01\/20\/rencontre-avec-cathy-ytak-et-thomas-scotto\/\">Rencontre avec Cathy Ytak et Thomas Scotto<\/a><\/h4>\n\t\t\t\t\n\t\t\t\t\t\t\n\t\t<ul class=\"post-meta\">\n\t\t\t<li>\n\t\t\t\tBy \n\t\t\t\t<a class=\"meta-value\" href=\"https:\/\/www.laligue85.org\/fra\/lireetfairelire85\/author\/epiveteau\/\">epiveteau<\/a>\n\t\t\t<\/li>\n\t\t\t<li>\n\t\t\t\ton \n\t\t\t\t<span class=\"meta-value\">20 janvier 2021<\/span>\n\t\t\t<\/li>\n\t\t<\/ul>\n\t\t\n\t\t\t\t\t\t\n\t\t\t\t<div class=\"post-content post-excerpt\">\n\t\t\t\t\t\n\t\t\t\t\t<p>[vc_row][vc_column][vc_empty_space height=\u00a0\u00bb100px\u00a0\u00bb][vc_column_text]jomjoim En ce d\u00e9but d&rsquo;ann\u00e9e 2021, les b\u00e9n\u00e9voles Lire et Faire Lire ont eu l&rsquo;occasion de rencontrer le vendredi 14 janvier dernier, en visio-conf\u00e9rence, les auteurs Cathy Ytak et Thomas Scotto. Dans le cadre de leur r\u00e9sidence \u00e0...<\/p><a href=\"https:\/\/www.laligue85.org\/fra\/lireetfairelire85\/2021\/01\/20\/rencontre-avec-cathy-ytak-et-thomas-scotto\/\" class=\"post-more\">Read more<\/a>\t\t\t\t\t\n\t\t\t\t<\/div>\n\t\t\t\n\t\t\t<\/div>\n\t\t\n\t\t<\/div>\n\t\t\n\t\t\t\t\n\t\t<div class=\"post-holder post-no-media post-99 post type-post status-publish format-standard hentry category-actualites tag-service-civique\">\n\t\t\n\t\t\t\t\t\n\t\t\t<div class=\"post-info\">\n\n                \t\t\t\n\t\t\t\t<h4 class=\"post-title\"><a href=\"https:\/\/www.laligue85.org\/fra\/lireetfairelire85\/2020\/05\/28\/alexianne-volontaire-en-service-civique-et-future-educatrice-de-jeunes-enfants\/\">Alexianne &#8211; volontaire en Service Civique et future \u00e9ducatrice de jeunes enfants<\/a><\/h4>\n\t\t\t\t\n\t\t\t\t\t\t\n\t\t<ul class=\"post-meta\">\n\t\t\t<li>\n\t\t\t\tBy \n\t\t\t\t<a class=\"meta-value\" href=\"https:\/\/www.laligue85.org\/fra\/lireetfairelire85\/author\/epiveteau\/\">epiveteau<\/a>\n\t\t\t<\/li>\n\t\t\t<li>\n\t\t\t\ton \n\t\t\t\t<span class=\"meta-value\">28 mai 2020<\/span>\n\t\t\t<\/li>\n\t\t<\/ul>\n\t\t\n\t\t\t\t\t\t\n\t\t\t\t<div class=\"post-content post-excerpt\">\n\t\t\t\t\t\n\t\t\t\t\t<p>Peux-tu, en quelques mots, nous en dire plus sur toi ? (parcours, mission actuelle, projet futur) Je m&rsquo;appelle Alexianne, j&rsquo;ai 23 ans et je sors de 3 ans d&rsquo;une formation d&rsquo;Educateur De Jeunes Enfants (EJE). Actuellement, pour \u00e9largir mes...<\/p><a href=\"https:\/\/www.laligue85.org\/fra\/lireetfairelire85\/2020\/05\/28\/alexianne-volontaire-en-service-civique-et-future-educatrice-de-jeunes-enfants\/\" class=\"post-more\">Read more<\/a>\t\t\t\t\t\n\t\t\t\t<\/div>\n\t\t\t\n\t\t\t<\/div>\n\t\t\n\t\t<\/div>\n\t\t\n\t\t<\/div><\/div>[\/vc_column][\/vc_row]<\/p>\n","protected":false},"excerpt":{"rendered":"<p>[vc_row][vc_column][\/vc_column][\/vc_row][vc_row][vc_column][\/vc_column][\/vc_row]<\/p>\n","protected":false},"author":17,"featured_media":0,"parent":0,"menu_order":0,"comment_status":"closed","ping_status":"closed","template":"","meta":{"footnotes":""},"class_list":["post-114","page","type-page","status-publish","hentry"],"yoast_head":"<!-- This site is optimized with the Yoast SEO plugin v20.0 - https:\/\/yoast.com\/wordpress\/plugins\/seo\/ -->\n<title>ACCUEIL - Lire et Faire Lire Vend\u00e9e<\/title>\n<meta name=\"robots\" content=\"index, follow, max-snippet:-1, max-image-preview:large, max-video-preview:-1\" \/>\n<link rel=\"canonical\" href=\"https:\/\/www.laligue85.org\/fra\/lireetfairelire85\/\" \/>\n<meta property=\"og:locale\" content=\"fr_FR\" \/>\n<meta property=\"og:type\" content=\"article\" \/>\n<meta property=\"og:title\" content=\"ACCUEIL - Lire et Faire Lire Vend\u00e9e\" \/>\n<meta property=\"og:description\" content=\"[vc_row][vc_column][\/vc_column][\/vc_row][vc_row][vc_column][\/vc_column][\/vc_row]\" \/>\n<meta property=\"og:url\" content=\"https:\/\/www.laligue85.org\/fra\/lireetfairelire85\/\" \/>\n<meta property=\"og:site_name\" content=\"Lire et Faire Lire Vend\u00e9e\" \/>\n<meta property=\"article:modified_time\" content=\"2020-12-14T09:48:47+00:00\" \/>\n<meta name=\"twitter:card\" content=\"summary_large_image\" \/>\n<meta name=\"twitter:label1\" content=\"Dur\u00e9e de lecture estim\u00e9e\" \/>\n\t<meta name=\"twitter:data1\" content=\"1 minute\" \/>\n<script type=\"application\/ld+json\" class=\"yoast-schema-graph\">{\"@context\":\"https:\/\/schema.org\",\"@graph\":[{\"@type\":\"WebPage\",\"@id\":\"https:\/\/www.laligue85.org\/fra\/lireetfairelire85\/\",\"url\":\"https:\/\/www.laligue85.org\/fra\/lireetfairelire85\/\",\"name\":\"ACCUEIL - Lire et Faire Lire Vend\u00e9e\",\"isPartOf\":{\"@id\":\"https:\/\/www.laligue85.org\/fra\/lireetfairelire85\/#website\"},\"datePublished\":\"2020-06-16T10:18:23+00:00\",\"dateModified\":\"2020-12-14T09:48:47+00:00\",\"breadcrumb\":{\"@id\":\"https:\/\/www.laligue85.org\/fra\/lireetfairelire85\/#breadcrumb\"},\"inLanguage\":\"fr-FR\",\"potentialAction\":[{\"@type\":\"ReadAction\",\"target\":[\"https:\/\/www.laligue85.org\/fra\/lireetfairelire85\/\"]}]},{\"@type\":\"BreadcrumbList\",\"@id\":\"https:\/\/www.laligue85.org\/fra\/lireetfairelire85\/#breadcrumb\",\"itemListElement\":[{\"@type\":\"ListItem\",\"position\":1,\"name\":\"Accueil\",\"item\":\"https:\/\/www.laligue85.org\/fra\/lireetfairelire85\/\"},{\"@type\":\"ListItem\",\"position\":2,\"name\":\"ACCUEIL\"}]},{\"@type\":\"WebSite\",\"@id\":\"https:\/\/www.laligue85.org\/fra\/lireetfairelire85\/#website\",\"url\":\"https:\/\/www.laligue85.org\/fra\/lireetfairelire85\/\",\"name\":\"Lire et Faire Lire Vend\u00e9e\",\"description\":\"20 ans de lectures partag\u00e9es\",\"potentialAction\":[{\"@type\":\"SearchAction\",\"target\":{\"@type\":\"EntryPoint\",\"urlTemplate\":\"https:\/\/www.laligue85.org\/fra\/lireetfairelire85\/?s={search_term_string}\"},\"query-input\":\"required name=search_term_string\"}],\"inLanguage\":\"fr-FR\"}]}<\/script>\n<!-- \/ Yoast SEO plugin. -->","yoast_head_json":{"title":"ACCUEIL - Lire et Faire Lire Vend\u00e9e","robots":{"index":"index","follow":"follow","max-snippet":"max-snippet:-1","max-image-preview":"max-image-preview:large","max-video-preview":"max-video-preview:-1"},"canonical":"https:\/\/www.laligue85.org\/fra\/lireetfairelire85\/","og_locale":"fr_FR","og_type":"article","og_title":"ACCUEIL - Lire et Faire Lire Vend\u00e9e","og_description":"[vc_row][vc_column][\/vc_column][\/vc_row][vc_row][vc_column][\/vc_column][\/vc_row]","og_url":"https:\/\/www.laligue85.org\/fra\/lireetfairelire85\/","og_site_name":"Lire et Faire Lire Vend\u00e9e","article_modified_time":"2020-12-14T09:48:47+00:00","twitter_card":"summary_large_image","twitter_misc":{"Dur\u00e9e de lecture estim\u00e9e":"1 minute"},"schema":{"@context":"https:\/\/schema.org","@graph":[{"@type":"WebPage","@id":"https:\/\/www.laligue85.org\/fra\/lireetfairelire85\/","url":"https:\/\/www.laligue85.org\/fra\/lireetfairelire85\/","name":"ACCUEIL - Lire et Faire Lire Vend\u00e9e","isPartOf":{"@id":"https:\/\/www.laligue85.org\/fra\/lireetfairelire85\/#website"},"datePublished":"2020-06-16T10:18:23+00:00","dateModified":"2020-12-14T09:48:47+00:00","breadcrumb":{"@id":"https:\/\/www.laligue85.org\/fra\/lireetfairelire85\/#breadcrumb"},"inLanguage":"fr-FR","potentialAction":[{"@type":"ReadAction","target":["https:\/\/www.laligue85.org\/fra\/lireetfairelire85\/"]}]},{"@type":"BreadcrumbList","@id":"https:\/\/www.laligue85.org\/fra\/lireetfairelire85\/#breadcrumb","itemListElement":[{"@type":"ListItem","position":1,"name":"Accueil","item":"https:\/\/www.laligue85.org\/fra\/lireetfairelire85\/"},{"@type":"ListItem","position":2,"name":"ACCUEIL"}]},{"@type":"WebSite","@id":"https:\/\/www.laligue85.org\/fra\/lireetfairelire85\/#website","url":"https:\/\/www.laligue85.org\/fra\/lireetfairelire85\/","name":"Lire et Faire Lire Vend\u00e9e","description":"20 ans de lectures partag\u00e9es","potentialAction":[{"@type":"SearchAction","target":{"@type":"EntryPoint","urlTemplate":"https:\/\/www.laligue85.org\/fra\/lireetfairelire85\/?s={search_term_string}"},"query-input":"required name=search_term_string"}],"inLanguage":"fr-FR"}]}},"_links":{"self":[{"href":"https:\/\/www.laligue85.org\/fra\/lireetfairelire85\/wp-json\/wp\/v2\/pages\/114","targetHints":{"allow":["GET"]}}],"collection":[{"href":"https:\/\/www.laligue85.org\/fra\/lireetfairelire85\/wp-json\/wp\/v2\/pages"}],"about":[{"href":"https:\/\/www.laligue85.org\/fra\/lireetfairelire85\/wp-json\/wp\/v2\/types\/page"}],"author":[{"embeddable":true,"href":"https:\/\/www.laligue85.org\/fra\/lireetfairelire85\/wp-json\/wp\/v2\/users\/17"}],"replies":[{"embeddable":true,"href":"https:\/\/www.laligue85.org\/fra\/lireetfairelire85\/wp-json\/wp\/v2\/comments?post=114"}],"version-history":[{"count":41,"href":"https:\/\/www.laligue85.org\/fra\/lireetfairelire85\/wp-json\/wp\/v2\/pages\/114\/revisions"}],"predecessor-version":[{"id":348,"href":"https:\/\/www.laligue85.org\/fra\/lireetfairelire85\/wp-json\/wp\/v2\/pages\/114\/revisions\/348"}],"wp:attachment":[{"href":"https:\/\/www.laligue85.org\/fra\/lireetfairelire85\/wp-json\/wp\/v2\/media?parent=114"}],"curies":[{"name":"wp","href":"https:\/\/api.w.org\/{rel}","templated":true}]}}