{"id":161,"date":"2020-06-22T14:55:21","date_gmt":"2020-06-22T12:55:21","guid":{"rendered":"http:\/\/www.laligue85.org\/fra\/lireetfairelire85\/events\/categories\/"},"modified":"2021-01-05T17:28:24","modified_gmt":"2021-01-05T16:28:24","slug":"devenir-benevole","status":"publish","type":"page","link":"https:\/\/www.laligue85.org\/fra\/lireetfairelire85\/devenir-benevole\/","title":{"rendered":"Devenir b\u00e9n\u00e9vole"},"content":{"rendered":"<p>[vc_row][vc_column][vc_empty_space][\/vc_column][\/vc_row][vc_row][vc_column][vc_column_text]<\/p>\n<h2>Devenir b\u00e9n\u00e9vole<\/h2>\n<p style=\"text-align: center;\"><strong>Vous avez plus de cinquante ans, et d\u00e9sirez consacrer une partie de votre temps aux enfants afin de leur permettre de d\u00e9velopper leur go\u00fbt pour la lecture, tout en leur donnant la chance de tisser des liens affectifs avec vous ?<\/strong><\/p>\n<p style=\"text-align: left;\">Devenir b\u00e9n\u00e9vole lecteur c&rsquo;est proposer des s\u00e9ances de lectures dans divers structures accueillant des enfants, afin de partager avec eux un moment chaleureux hors de leur quotidien.<\/p>\n<p style=\"text-align: left;\">Tout au long de l&rsquo;ann\u00e9e scolaire, les b\u00e9n\u00e9voles sont accompagn\u00e9s par la <strong>coordination d\u00e9partementale Lire et Faire Lire<\/strong> et des <strong>b\u00e9n\u00e9voles relais<\/strong>, dans leur engagement aupr\u00e8s de l&rsquo;association. Ils sont amen\u00e9s \u00e0 suivre un plan de formation propos\u00e9 par <strong>La Ligue de l&rsquo;Enseignement<\/strong>, leur permettant d&rsquo;acqu\u00e9rir des outils et des comp\u00e9tences afin de mieux appr\u00e9hender les lectures \u00e0 voix haute. Ces modules de d\u00e9couverte sont importants pour une bonne int\u00e9gration dans le mouvement Lire et Faire Lire Vend\u00e9e.<\/p>\n<p style=\"text-align: left;\">Dans chaque secteur g\u00e9ographique du d\u00e9partement se trouve des b\u00e9n\u00e9voles relais, qui ont pour mission de vous \u00e9pauler chaque ann\u00e9e dans vos actions aupr\u00e8s de l&rsquo;association et aupr\u00e8s des structures, ils sont un vrai lien entre vous et la coordination.<\/p>\n<p style=\"text-align: left;\">Vous pouvez nous rejoindre \u00e0 tout moment de l&rsquo;ann\u00e9e, en contactant la coordination d\u00e9partementale, La Ligue de l&rsquo;Enseignement, ainsi que les b\u00e9n\u00e9voles relais.<\/p>\n<p>[\/vc_column_text][\/vc_column][\/vc_row][vc_row][vc_column width=\u00a0\u00bb1\/2&Prime;][vc_column_text]<br \/>\n[\/vc_column_text][vc_row_inner css=\u00a0\u00bb.vc_custom_1494852056203{padding-top: 20px !important;}\u00a0\u00bb][\/vc_row_inner][vc_column_inner width=\u00a0\u00bb1\/2&Prime;][vc_column_text css=\u00a0\u00bb.vc_custom_1562317916293{margin-bottom: 12px !important;}\u00a0\u00bb]<\/p>\n<h5>Vous \u00eates b\u00e9n\u00e9vole<\/h5>\n<p>[\/vc_column_text][vc_column_text]Pour devenir b\u00e9n\u00e9vole<\/p>\n<ul>\n<li><a href=\"https:\/\/www.lireetfairelire.org\/content\/devenir-benevole-10\">S&rsquo;inscrire en ligne<\/a><\/li>\n<li><a href=\"http:\/\/www.lireetfairelire.org\/content\/la-charte-du-lecteur-benevole-24080\">Charte du lecteur b\u00e9n\u00e9vole<\/a><\/li>\n<\/ul>\n<p>Pour se former<\/p>\n<ul>\n<li><a href=\"http:\/\/www.laligue85.org\/fra\/lireetfairelire85\/wp-content\/uploads\/sites\/6\/2020\/12\/plan-de-formation-lfl-janvier-juin2021_compressed.pdf\">Le plan de formation en cours <\/a><\/li>\n<li><a href=\"https:\/\/docs.google.com\/forms\/d\/e\/1FAIpQLSd8cc_OLk1TSrrJQG_K5nZJm4xAjxL5eTaR3sLv9mAU0631DA\/viewform\">L&rsquo;inscription en ligne<\/a><\/li>\n<li><a href=\"http:\/\/www.laligue85.org\/fra\/lireetfairelire85\/2020\/05\/27\/retour-de-formations\/\">Le compte rendu de certaines formations<\/a><\/li>\n<\/ul>\n<p>Pour garder contact<\/p>\n<ul>\n<li><a href=\"http:\/\/www.lireetfairelire.org\/list\/la-revue-des-benevoles-12\">La revue \u00ab\u00a0Il \u00e9tait une fois\u00a0\u00bb \u00e0 destination des b\u00e9n\u00e9voles<\/a><\/li>\n<li><a href=\"http:\/\/www.laligue85.org\/fra\/lireetfairelire85\/contact\/\">Le contact de la coordination d\u00e9partementale<\/a><\/li>\n<\/ul>\n<p>[\/vc_column_text][\/vc_column_inner][vc_column_inner width=\u00a0\u00bb1\/2&Prime;][\/vc_column_inner][vc_column_text css=\u00a0\u00bb.vc_custom_1562318431814{margin-bottom: 12px !important;}\u00a0\u00bb][\/vc_column_text][\/vc_column][vc_column width=\u00a0\u00bb1\/2&Prime;][vc_gallery type=\u00a0\u00bbflexslider_slide\u00a0\u00bb interval=\u00a0\u00bb5&Prime; images=\u00a0\u00bb14,84,33,19,81&Prime; img_size=\u00a0\u00bblarge\u00a0\u00bb][\/vc_column][\/vc_row]<\/p>\n","protected":false},"excerpt":{"rendered":"<p>[vc_row][vc_column][vc_empty_space][\/vc_column][\/vc_row][vc_row][vc_column][vc_column_text] Devenir b\u00e9n\u00e9vole Vous avez plus de cinquante ans, et d\u00e9sirez consacrer une partie de votre temps aux enfants afin de leur permettre de d\u00e9velopper leur go\u00fbt pour la lecture, tout en leur donnant la chance de tisser des liens affectifs avec vous ? Devenir b\u00e9n\u00e9vole lecteur c&rsquo;est proposer des [&hellip;]<\/p>\n","protected":false},"author":17,"featured_media":0,"parent":0,"menu_order":0,"comment_status":"closed","ping_status":"open","template":"","meta":{"footnotes":""},"class_list":["post-161","page","type-page","status-publish","hentry"],"yoast_head":"<!-- This site is optimized with the Yoast SEO plugin v20.0 - https:\/\/yoast.com\/wordpress\/plugins\/seo\/ -->\n<title>Devenir b\u00e9n\u00e9vole - Lire et Faire Lire Vend\u00e9e<\/title>\n<meta name=\"robots\" content=\"index, follow, max-snippet:-1, max-image-preview:large, max-video-preview:-1\" \/>\n<link rel=\"canonical\" href=\"https:\/\/www.laligue85.org\/fra\/lireetfairelire85\/devenir-benevole\/\" \/>\n<meta property=\"og:locale\" content=\"fr_FR\" \/>\n<meta property=\"og:type\" content=\"article\" \/>\n<meta property=\"og:title\" content=\"Devenir b\u00e9n\u00e9vole - Lire et Faire Lire Vend\u00e9e\" \/>\n<meta property=\"og:description\" content=\"[vc_row][vc_column][vc_empty_space][\/vc_column][\/vc_row][vc_row][vc_column][vc_column_text] Devenir b\u00e9n\u00e9vole Vous avez plus de cinquante ans, et d\u00e9sirez consacrer une partie de votre temps aux enfants afin de leur permettre de d\u00e9velopper leur go\u00fbt pour la lecture, tout en leur donnant la chance de tisser des liens affectifs avec vous ? Devenir b\u00e9n\u00e9vole lecteur c&rsquo;est proposer des [&hellip;]\" \/>\n<meta property=\"og:url\" content=\"https:\/\/www.laligue85.org\/fra\/lireetfairelire85\/devenir-benevole\/\" \/>\n<meta property=\"og:site_name\" content=\"Lire et Faire Lire Vend\u00e9e\" \/>\n<meta property=\"article:modified_time\" content=\"2021-01-05T16:28:24+00:00\" \/>\n<meta name=\"twitter:card\" content=\"summary_large_image\" \/>\n<meta name=\"twitter:label1\" content=\"Dur\u00e9e de lecture estim\u00e9e\" \/>\n\t<meta name=\"twitter:data1\" content=\"2 minutes\" \/>\n<script type=\"application\/ld+json\" class=\"yoast-schema-graph\">{\"@context\":\"https:\/\/schema.org\",\"@graph\":[{\"@type\":\"WebPage\",\"@id\":\"https:\/\/www.laligue85.org\/fra\/lireetfairelire85\/devenir-benevole\/\",\"url\":\"https:\/\/www.laligue85.org\/fra\/lireetfairelire85\/devenir-benevole\/\",\"name\":\"Devenir b\u00e9n\u00e9vole - Lire et Faire Lire Vend\u00e9e\",\"isPartOf\":{\"@id\":\"https:\/\/www.laligue85.org\/fra\/lireetfairelire85\/#website\"},\"datePublished\":\"2020-06-22T12:55:21+00:00\",\"dateModified\":\"2021-01-05T16:28:24+00:00\",\"breadcrumb\":{\"@id\":\"https:\/\/www.laligue85.org\/fra\/lireetfairelire85\/devenir-benevole\/#breadcrumb\"},\"inLanguage\":\"fr-FR\",\"potentialAction\":[{\"@type\":\"ReadAction\",\"target\":[\"https:\/\/www.laligue85.org\/fra\/lireetfairelire85\/devenir-benevole\/\"]}]},{\"@type\":\"BreadcrumbList\",\"@id\":\"https:\/\/www.laligue85.org\/fra\/lireetfairelire85\/devenir-benevole\/#breadcrumb\",\"itemListElement\":[{\"@type\":\"ListItem\",\"position\":1,\"name\":\"Accueil\",\"item\":\"https:\/\/www.laligue85.org\/fra\/lireetfairelire85\/\"},{\"@type\":\"ListItem\",\"position\":2,\"name\":\"Devenir b\u00e9n\u00e9vole\"}]},{\"@type\":\"WebSite\",\"@id\":\"https:\/\/www.laligue85.org\/fra\/lireetfairelire85\/#website\",\"url\":\"https:\/\/www.laligue85.org\/fra\/lireetfairelire85\/\",\"name\":\"Lire et Faire Lire Vend\u00e9e\",\"description\":\"20 ans de lectures partag\u00e9es\",\"potentialAction\":[{\"@type\":\"SearchAction\",\"target\":{\"@type\":\"EntryPoint\",\"urlTemplate\":\"https:\/\/www.laligue85.org\/fra\/lireetfairelire85\/?s={search_term_string}\"},\"query-input\":\"required name=search_term_string\"}],\"inLanguage\":\"fr-FR\"}]}<\/script>\n<!-- \/ Yoast SEO plugin. -->","yoast_head_json":{"title":"Devenir b\u00e9n\u00e9vole - Lire et Faire Lire Vend\u00e9e","robots":{"index":"index","follow":"follow","max-snippet":"max-snippet:-1","max-image-preview":"max-image-preview:large","max-video-preview":"max-video-preview:-1"},"canonical":"https:\/\/www.laligue85.org\/fra\/lireetfairelire85\/devenir-benevole\/","og_locale":"fr_FR","og_type":"article","og_title":"Devenir b\u00e9n\u00e9vole - Lire et Faire Lire Vend\u00e9e","og_description":"[vc_row][vc_column][vc_empty_space][\/vc_column][\/vc_row][vc_row][vc_column][vc_column_text] Devenir b\u00e9n\u00e9vole Vous avez plus de cinquante ans, et d\u00e9sirez consacrer une partie de votre temps aux enfants afin de leur permettre de d\u00e9velopper leur go\u00fbt pour la lecture, tout en leur donnant la chance de tisser des liens affectifs avec vous ? Devenir b\u00e9n\u00e9vole lecteur c&rsquo;est proposer des [&hellip;]","og_url":"https:\/\/www.laligue85.org\/fra\/lireetfairelire85\/devenir-benevole\/","og_site_name":"Lire et Faire Lire Vend\u00e9e","article_modified_time":"2021-01-05T16:28:24+00:00","twitter_card":"summary_large_image","twitter_misc":{"Dur\u00e9e de lecture estim\u00e9e":"2 minutes"},"schema":{"@context":"https:\/\/schema.org","@graph":[{"@type":"WebPage","@id":"https:\/\/www.laligue85.org\/fra\/lireetfairelire85\/devenir-benevole\/","url":"https:\/\/www.laligue85.org\/fra\/lireetfairelire85\/devenir-benevole\/","name":"Devenir b\u00e9n\u00e9vole - Lire et Faire Lire Vend\u00e9e","isPartOf":{"@id":"https:\/\/www.laligue85.org\/fra\/lireetfairelire85\/#website"},"datePublished":"2020-06-22T12:55:21+00:00","dateModified":"2021-01-05T16:28:24+00:00","breadcrumb":{"@id":"https:\/\/www.laligue85.org\/fra\/lireetfairelire85\/devenir-benevole\/#breadcrumb"},"inLanguage":"fr-FR","potentialAction":[{"@type":"ReadAction","target":["https:\/\/www.laligue85.org\/fra\/lireetfairelire85\/devenir-benevole\/"]}]},{"@type":"BreadcrumbList","@id":"https:\/\/www.laligue85.org\/fra\/lireetfairelire85\/devenir-benevole\/#breadcrumb","itemListElement":[{"@type":"ListItem","position":1,"name":"Accueil","item":"https:\/\/www.laligue85.org\/fra\/lireetfairelire85\/"},{"@type":"ListItem","position":2,"name":"Devenir b\u00e9n\u00e9vole"}]},{"@type":"WebSite","@id":"https:\/\/www.laligue85.org\/fra\/lireetfairelire85\/#website","url":"https:\/\/www.laligue85.org\/fra\/lireetfairelire85\/","name":"Lire et Faire Lire Vend\u00e9e","description":"20 ans de lectures partag\u00e9es","potentialAction":[{"@type":"SearchAction","target":{"@type":"EntryPoint","urlTemplate":"https:\/\/www.laligue85.org\/fra\/lireetfairelire85\/?s={search_term_string}"},"query-input":"required name=search_term_string"}],"inLanguage":"fr-FR"}]}},"_links":{"self":[{"href":"https:\/\/www.laligue85.org\/fra\/lireetfairelire85\/wp-json\/wp\/v2\/pages\/161","targetHints":{"allow":["GET"]}}],"collection":[{"href":"https:\/\/www.laligue85.org\/fra\/lireetfairelire85\/wp-json\/wp\/v2\/pages"}],"about":[{"href":"https:\/\/www.laligue85.org\/fra\/lireetfairelire85\/wp-json\/wp\/v2\/types\/page"}],"author":[{"embeddable":true,"href":"https:\/\/www.laligue85.org\/fra\/lireetfairelire85\/wp-json\/wp\/v2\/users\/17"}],"replies":[{"embeddable":true,"href":"https:\/\/www.laligue85.org\/fra\/lireetfairelire85\/wp-json\/wp\/v2\/comments?post=161"}],"version-history":[{"count":19,"href":"https:\/\/www.laligue85.org\/fra\/lireetfairelire85\/wp-json\/wp\/v2\/pages\/161\/revisions"}],"predecessor-version":[{"id":514,"href":"https:\/\/www.laligue85.org\/fra\/lireetfairelire85\/wp-json\/wp\/v2\/pages\/161\/revisions\/514"}],"wp:attachment":[{"href":"https:\/\/www.laligue85.org\/fra\/lireetfairelire85\/wp-json\/wp\/v2\/media?parent=161"}],"curies":[{"name":"wp","href":"https:\/\/api.w.org\/{rel}","templated":true}]}}