{"id":401,"date":"2020-12-15T17:35:16","date_gmt":"2020-12-15T16:35:16","guid":{"rendered":"http:\/\/www.laligue85.org\/fra\/lireetfairelire85\/?page_id=401"},"modified":"2020-12-17T09:43:09","modified_gmt":"2020-12-17T08:43:09","slug":"benevoles-relais","status":"publish","type":"page","link":"https:\/\/www.laligue85.org\/fra\/lireetfairelire85\/benevoles-relais\/","title":{"rendered":"B\u00e9n\u00e9voles relais"},"content":{"rendered":"<p>[vc_row][vc_column][vc_empty_space][\/vc_column][\/vc_row][vc_row][vc_column][vc_column_text]<\/p>\n<h1>B\u00e9n\u00e9voles relais<\/h1>\n<p><span style=\"font-size: 10pt;\">Un b\u00e9n\u00e9vole relais est un b\u00e9n\u00e9vole lecteur qui d\u00e9cide de donner de son temps pour accompagner sur le terrain et organiser des rencontres avec les b\u00e9n\u00e9voles de son secteur. Il existe une quinzaine de b\u00e9n\u00e9voles relais sur le d\u00e9partement.<\/span><\/p>\n<p><span style=\"font-size: 10pt;\">Les b\u00e9n\u00e9voles relais s&rsquo;engagent \u00e0 rencontrer chaque nouveau b\u00e9n\u00e9vole et \u00e0 organiser le lancement des lectures via notamment la proposition d&rsquo;un tutorat, visite de m\u00e9diath\u00e8ques etc. Ils organisent \u00e9galement 2 \u00e0 3 r\u00e9unions locales par an et participent aux r\u00e9unions de l&rsquo;\u00e9quipe d\u00e9partementale men\u00e9es par la coordination d\u00e9partementale. Les b\u00e9n\u00e9voles relais participent pleinement \u00e0 la dynamique d\u00e9partementale, \u00e0 la construction des projets et aux liens entre l\u2019ensemble des lecteurs.<\/span><\/p>\n<p><span style=\"font-size: 10pt;\">Les objectifs de ces rencontres sont multiples. Mieux se conna\u00eetre, avoir des informations sur l&rsquo;association d&rsquo;un point de vue d\u00e9partemental et national, \u00e9changer des coups de coeur, des exp\u00e9riences sur le terrain, des savoirs- faire et pr\u00e9parer des projets communs.<\/span><\/p>\n<h4><span style=\"font-size: 10pt;\">Les b\u00e9n\u00e9voles relais et les secteurs<\/span><\/h4>\n<ul>\n<li><span style=\"font-size: 10pt;\"><strong>La Roche-sur-Yon<\/strong> : Marie Th\u00e9 Barbereau<\/span><\/li>\n<li><span style=\"font-size: 10pt;\"><strong>Couronne yonnaise nord<\/strong> : Marie Annick Barreau<\/span><\/li>\n<li><span style=\"font-size: 10pt;\"><strong>Les Sables d&rsquo;Olonne<\/strong> :Evelyne Fortez Barreteau et Andr\u00e9e Roux<\/span><\/li>\n<li><span style=\"font-size: 10pt;\"><strong>Vair\u00e9 \/ Saint Mathurin<\/strong> : Monique Remaud<\/span><\/li>\n<li><span style=\"font-size: 10pt;\"><strong>Talmondais<\/strong> : Jean Marc Vasseur et Martine Michaud<\/span><\/li>\n<li><span style=\"font-size: 10pt;\"><strong>Lu\u00e7on<\/strong> : Josiane Martinon<\/span><\/li>\n<li><span style=\"font-size: 10pt;\"><strong>Fontenay-le-Comte<\/strong> : Fran\u00e7oise Trav\u00e8re, Josy Couteau et Marie-Line Nyffeneger (r\u00e9f\u00e9rente service p\u00e9diatrie)<\/span><\/li>\n<li><span style=\"font-size: 10pt;\"><strong>Chantonnay<\/strong> : Mireille Delcourt et Marine Ramondy<\/span><\/li>\n<li><span style=\"font-size: 10pt;\"><strong>Montaigu<\/strong> : Pas de b\u00e9n\u00e9voles relais &#8211; coordination d\u00e9partementale<\/span><\/li>\n<li><span style=\"font-size: 10pt;\"><strong>Saint Gilles-Croix-de-Vie<\/strong> : Pas de b\u00e9n\u00e9voles relais &#8211; coordination d\u00e9partementale<\/span><\/li>\n<li><span style=\"font-size: 10pt;\"><strong>Saint Jean de Monts<\/strong> : Richard Le Falhun<\/span><\/li>\n<li><span style=\"font-size: 10pt;\"><strong>Challans<\/strong> : Brigitte Valot et Josette Trayaud<\/span><\/li>\n<\/ul>\n<p>[\/vc_column_text][\/vc_column][\/vc_row]<\/p>\n","protected":false},"excerpt":{"rendered":"<p>[vc_row][vc_column][vc_empty_space][\/vc_column][\/vc_row][vc_row][vc_column][vc_column_text] B\u00e9n\u00e9voles relais Un b\u00e9n\u00e9vole relais est un b\u00e9n\u00e9vole lecteur qui d\u00e9cide de donner de son temps pour accompagner sur le terrain et organiser des rencontres avec les b\u00e9n\u00e9voles de son secteur. Il existe une quinzaine de b\u00e9n\u00e9voles relais sur le d\u00e9partement. Les b\u00e9n\u00e9voles relais s&rsquo;engagent \u00e0 rencontrer chaque nouveau [&hellip;]<\/p>\n","protected":false},"author":2,"featured_media":0,"parent":0,"menu_order":0,"comment_status":"closed","ping_status":"closed","template":"","meta":{"footnotes":""},"class_list":["post-401","page","type-page","status-publish","hentry"],"yoast_head":"<!-- This site is optimized with the Yoast SEO plugin v20.0 - https:\/\/yoast.com\/wordpress\/plugins\/seo\/ -->\n<title>B\u00e9n\u00e9voles relais - Lire et Faire Lire Vend\u00e9e<\/title>\n<meta name=\"robots\" content=\"index, follow, max-snippet:-1, max-image-preview:large, max-video-preview:-1\" \/>\n<link rel=\"canonical\" href=\"https:\/\/www.laligue85.org\/fra\/lireetfairelire85\/benevoles-relais\/\" \/>\n<meta property=\"og:locale\" content=\"fr_FR\" \/>\n<meta property=\"og:type\" content=\"article\" \/>\n<meta property=\"og:title\" content=\"B\u00e9n\u00e9voles relais - Lire et Faire Lire Vend\u00e9e\" \/>\n<meta property=\"og:description\" content=\"[vc_row][vc_column][vc_empty_space][\/vc_column][\/vc_row][vc_row][vc_column][vc_column_text] B\u00e9n\u00e9voles relais Un b\u00e9n\u00e9vole relais est un b\u00e9n\u00e9vole lecteur qui d\u00e9cide de donner de son temps pour accompagner sur le terrain et organiser des rencontres avec les b\u00e9n\u00e9voles de son secteur. Il existe une quinzaine de b\u00e9n\u00e9voles relais sur le d\u00e9partement. Les b\u00e9n\u00e9voles relais s&rsquo;engagent \u00e0 rencontrer chaque nouveau [&hellip;]\" \/>\n<meta property=\"og:url\" content=\"https:\/\/www.laligue85.org\/fra\/lireetfairelire85\/benevoles-relais\/\" \/>\n<meta property=\"og:site_name\" content=\"Lire et Faire Lire Vend\u00e9e\" \/>\n<meta property=\"article:modified_time\" content=\"2020-12-17T08:43:09+00:00\" \/>\n<meta name=\"twitter:card\" content=\"summary_large_image\" \/>\n<meta name=\"twitter:label1\" content=\"Dur\u00e9e de lecture estim\u00e9e\" \/>\n\t<meta name=\"twitter:data1\" content=\"2 minutes\" \/>\n<script type=\"application\/ld+json\" class=\"yoast-schema-graph\">{\"@context\":\"https:\/\/schema.org\",\"@graph\":[{\"@type\":\"WebPage\",\"@id\":\"https:\/\/www.laligue85.org\/fra\/lireetfairelire85\/benevoles-relais\/\",\"url\":\"https:\/\/www.laligue85.org\/fra\/lireetfairelire85\/benevoles-relais\/\",\"name\":\"B\u00e9n\u00e9voles relais - Lire et Faire Lire Vend\u00e9e\",\"isPartOf\":{\"@id\":\"https:\/\/www.laligue85.org\/fra\/lireetfairelire85\/#website\"},\"datePublished\":\"2020-12-15T16:35:16+00:00\",\"dateModified\":\"2020-12-17T08:43:09+00:00\",\"breadcrumb\":{\"@id\":\"https:\/\/www.laligue85.org\/fra\/lireetfairelire85\/benevoles-relais\/#breadcrumb\"},\"inLanguage\":\"fr-FR\",\"potentialAction\":[{\"@type\":\"ReadAction\",\"target\":[\"https:\/\/www.laligue85.org\/fra\/lireetfairelire85\/benevoles-relais\/\"]}]},{\"@type\":\"BreadcrumbList\",\"@id\":\"https:\/\/www.laligue85.org\/fra\/lireetfairelire85\/benevoles-relais\/#breadcrumb\",\"itemListElement\":[{\"@type\":\"ListItem\",\"position\":1,\"name\":\"Accueil\",\"item\":\"https:\/\/www.laligue85.org\/fra\/lireetfairelire85\/\"},{\"@type\":\"ListItem\",\"position\":2,\"name\":\"B\u00e9n\u00e9voles relais\"}]},{\"@type\":\"WebSite\",\"@id\":\"https:\/\/www.laligue85.org\/fra\/lireetfairelire85\/#website\",\"url\":\"https:\/\/www.laligue85.org\/fra\/lireetfairelire85\/\",\"name\":\"Lire et Faire Lire Vend\u00e9e\",\"description\":\"20 ans de lectures partag\u00e9es\",\"potentialAction\":[{\"@type\":\"SearchAction\",\"target\":{\"@type\":\"EntryPoint\",\"urlTemplate\":\"https:\/\/www.laligue85.org\/fra\/lireetfairelire85\/?s={search_term_string}\"},\"query-input\":\"required name=search_term_string\"}],\"inLanguage\":\"fr-FR\"}]}<\/script>\n<!-- \/ Yoast SEO plugin. -->","yoast_head_json":{"title":"B\u00e9n\u00e9voles relais - Lire et Faire Lire Vend\u00e9e","robots":{"index":"index","follow":"follow","max-snippet":"max-snippet:-1","max-image-preview":"max-image-preview:large","max-video-preview":"max-video-preview:-1"},"canonical":"https:\/\/www.laligue85.org\/fra\/lireetfairelire85\/benevoles-relais\/","og_locale":"fr_FR","og_type":"article","og_title":"B\u00e9n\u00e9voles relais - Lire et Faire Lire Vend\u00e9e","og_description":"[vc_row][vc_column][vc_empty_space][\/vc_column][\/vc_row][vc_row][vc_column][vc_column_text] B\u00e9n\u00e9voles relais Un b\u00e9n\u00e9vole relais est un b\u00e9n\u00e9vole lecteur qui d\u00e9cide de donner de son temps pour accompagner sur le terrain et organiser des rencontres avec les b\u00e9n\u00e9voles de son secteur. Il existe une quinzaine de b\u00e9n\u00e9voles relais sur le d\u00e9partement. Les b\u00e9n\u00e9voles relais s&rsquo;engagent \u00e0 rencontrer chaque nouveau [&hellip;]","og_url":"https:\/\/www.laligue85.org\/fra\/lireetfairelire85\/benevoles-relais\/","og_site_name":"Lire et Faire Lire Vend\u00e9e","article_modified_time":"2020-12-17T08:43:09+00:00","twitter_card":"summary_large_image","twitter_misc":{"Dur\u00e9e de lecture estim\u00e9e":"2 minutes"},"schema":{"@context":"https:\/\/schema.org","@graph":[{"@type":"WebPage","@id":"https:\/\/www.laligue85.org\/fra\/lireetfairelire85\/benevoles-relais\/","url":"https:\/\/www.laligue85.org\/fra\/lireetfairelire85\/benevoles-relais\/","name":"B\u00e9n\u00e9voles relais - Lire et Faire Lire Vend\u00e9e","isPartOf":{"@id":"https:\/\/www.laligue85.org\/fra\/lireetfairelire85\/#website"},"datePublished":"2020-12-15T16:35:16+00:00","dateModified":"2020-12-17T08:43:09+00:00","breadcrumb":{"@id":"https:\/\/www.laligue85.org\/fra\/lireetfairelire85\/benevoles-relais\/#breadcrumb"},"inLanguage":"fr-FR","potentialAction":[{"@type":"ReadAction","target":["https:\/\/www.laligue85.org\/fra\/lireetfairelire85\/benevoles-relais\/"]}]},{"@type":"BreadcrumbList","@id":"https:\/\/www.laligue85.org\/fra\/lireetfairelire85\/benevoles-relais\/#breadcrumb","itemListElement":[{"@type":"ListItem","position":1,"name":"Accueil","item":"https:\/\/www.laligue85.org\/fra\/lireetfairelire85\/"},{"@type":"ListItem","position":2,"name":"B\u00e9n\u00e9voles relais"}]},{"@type":"WebSite","@id":"https:\/\/www.laligue85.org\/fra\/lireetfairelire85\/#website","url":"https:\/\/www.laligue85.org\/fra\/lireetfairelire85\/","name":"Lire et Faire Lire Vend\u00e9e","description":"20 ans de lectures partag\u00e9es","potentialAction":[{"@type":"SearchAction","target":{"@type":"EntryPoint","urlTemplate":"https:\/\/www.laligue85.org\/fra\/lireetfairelire85\/?s={search_term_string}"},"query-input":"required name=search_term_string"}],"inLanguage":"fr-FR"}]}},"_links":{"self":[{"href":"https:\/\/www.laligue85.org\/fra\/lireetfairelire85\/wp-json\/wp\/v2\/pages\/401","targetHints":{"allow":["GET"]}}],"collection":[{"href":"https:\/\/www.laligue85.org\/fra\/lireetfairelire85\/wp-json\/wp\/v2\/pages"}],"about":[{"href":"https:\/\/www.laligue85.org\/fra\/lireetfairelire85\/wp-json\/wp\/v2\/types\/page"}],"author":[{"embeddable":true,"href":"https:\/\/www.laligue85.org\/fra\/lireetfairelire85\/wp-json\/wp\/v2\/users\/2"}],"replies":[{"embeddable":true,"href":"https:\/\/www.laligue85.org\/fra\/lireetfairelire85\/wp-json\/wp\/v2\/comments?post=401"}],"version-history":[{"count":3,"href":"https:\/\/www.laligue85.org\/fra\/lireetfairelire85\/wp-json\/wp\/v2\/pages\/401\/revisions"}],"predecessor-version":[{"id":485,"href":"https:\/\/www.laligue85.org\/fra\/lireetfairelire85\/wp-json\/wp\/v2\/pages\/401\/revisions\/485"}],"wp:attachment":[{"href":"https:\/\/www.laligue85.org\/fra\/lireetfairelire85\/wp-json\/wp\/v2\/media?parent=401"}],"curies":[{"name":"wp","href":"https:\/\/api.w.org\/{rel}","templated":true}]}}